{"id":3,"date":"2025-12-17T13:55:41","date_gmt":"2025-12-17T13:55:41","guid":{"rendered":"http:\/\/www.arxelo.com\/?page_id=3"},"modified":"2026-01-04T08:52:11","modified_gmt":"2026-01-04T08:52:11","slug":"politica-de-privacidade","status":"publish","type":"page","link":"https:\/\/www.arxelo.com\/pt\/politica-de-privacidade\/","title":{"rendered":"Pol\u00edtica de Privacidade"},"content":{"rendered":"<p><strong>Data de vig\u00eancia: 01\/05\/2026<\/strong><\/p>\n\n\n\n<p>Esta Pol\u00edtica de Privacidade descreve como <strong>Arxelo<\/strong> (\u201cArxelo\u201d, \u201cn\u00f3s\u201d, \u201cnos\u201d ou \u201cnosso\u201d) recolhe, utiliza e protege dados pessoais relacionados com a utiliza\u00e7\u00e3o do website. <strong><a>www.arxelo.com<\/a><\/strong> (o \u201cWebsite\u201d). A Arxelo \u00e9 uma revista online global que fornece informa\u00e7\u00f5es de n\u00edvel institucional sobre infraestrutura de blockchain, mercados de criptomoedas, plataformas Web3 e o panorama em evolu\u00e7\u00e3o dos ativos digitais e economias tokenizadas. A Arxelo est\u00e1 comprometida em proteger os dados pessoais de acordo com as leis de prote\u00e7\u00e3o de dados aplic\u00e1veis, incluindo o Regulamento Geral de Prote\u00e7\u00e3o de Dados (RGPD) da UE, o RGPD do Reino Unido e a Lei Federal Su\u00ed\u00e7a sobre Prote\u00e7\u00e3o de Dados (FADP).<\/p>\n\n\n\n<p><\/p>\n\n\n\n<h3 class=\"wp-block-heading has-medium-font-size\">1. Respons\u00e1vel pelo tratamento de dados<\/h3>\n\n\n\n<p>O respons\u00e1vel pelo tratamento dos dados pessoais ao abrigo da presente Pol\u00edtica de Privacidade \u00e9:<\/p>\n\n\n\n<p><strong>Arxelo<\/strong> : e-mail: <strong>[<a>info@arxelo.com<\/a>]<\/strong><\/p>\n\n\n\n<p><\/p>\n\n\n\n<h3 class=\"wp-block-heading has-medium-font-size\">2. \u00c2mbito de aplica\u00e7\u00e3o<\/h3>\n\n\n\n<p>Esta Pol\u00edtica de Privacidade aplica-se a todos os visitantes e utilizadores do Website. Ela rege o processamento de dados pessoais recolhidos atrav\u00e9s do Website, incluindo quando os utilizadores acedem a conte\u00fados, subscrevem atualiza\u00e7\u00f5es ou contactam a Arxelo.<\/p>\n\n\n\n<p><\/p>\n\n\n\n<h3 class=\"wp-block-heading has-medium-font-size\">3. Categorias de dados pessoais<\/h3>\n\n\n\n<p>A Arxelo pode processar as seguintes categorias de dados pessoais:<\/p>\n\n\n\n<p><\/p>\n\n\n\n<h4 class=\"wp-block-heading has-medium-font-size\">3.1 Dados fornecidos pelos utilizadores<\/h4>\n\n\n\n<ul class=\"wp-block-list\">\n<li>Nome (se fornecido)<\/li>\n\n\n\n<li>Endere\u00e7o de e-mail<\/li>\n\n\n\n<li>Qualquer informa\u00e7\u00e3o inclu\u00edda voluntariamente em mensagens, formul\u00e1rios de subscri\u00e7\u00e3o ou outras comunica\u00e7\u00f5es enviadas \u00e0 Arxelo<br><\/li>\n<\/ul>\n\n\n\n<h4 class=\"wp-block-heading has-medium-font-size\">3.2 Dados recolhidos automaticamente<\/h4>\n\n\n\n<p>Quando os utilizadores acedem ao Website, determinados dados t\u00e9cnicos podem ser recolhidos automaticamente, incluindo:<\/p>\n\n\n\n<ul class=\"wp-block-list\">\n<li>endere\u00e7o IP<\/li>\n\n\n\n<li>Tipo e vers\u00e3o do navegador<\/li>\n\n\n\n<li>Configura\u00e7\u00f5es do dispositivo, sistema operativo e idioma<\/li>\n\n\n\n<li>Data e hora do acesso<\/li>\n\n\n\n<li>P\u00e1ginas visitadas e URLs de refer\u00eancia<br><\/li>\n<\/ul>\n\n\n\n<h3 class=\"wp-block-heading has-medium-font-size\">4. Finalidades do tratamento<\/h3>\n\n\n\n<p>Os dados pessoais s\u00e3o processados para os seguintes fins:<\/p>\n\n\n\n<ul class=\"wp-block-list\">\n<li>Opera\u00e7\u00e3o, administra\u00e7\u00e3o e manuten\u00e7\u00e3o do site<\/li>\n\n\n\n<li>Publica\u00e7\u00e3o e entrega de conte\u00fado editorial e insights<\/li>\n\n\n\n<li>Comunicar com os utilizadores e responder a perguntas<\/li>\n\n\n\n<li>Gerenciar assinaturas, boletins informativos ou atualiza\u00e7\u00f5es (quando aplic\u00e1vel)<\/li>\n\n\n\n<li>Garantir a seguran\u00e7a, estabilidade e bom funcionamento do Website<\/li>\n\n\n\n<li>Analisando o tr\u00e1fego e melhorando a qualidade do conte\u00fado e a experi\u00eancia do utilizador<\/li>\n\n\n\n<li>Cumprimento das obriga\u00e7\u00f5es legais e regulamentares<br><\/li>\n<\/ul>\n\n\n\n<h3 class=\"wp-block-heading has-medium-font-size\">5. Bases jur\u00eddicas para o tratamento<\/h3>\n\n\n\n<p>Os dados pessoais s\u00e3o processados de acordo com a legisla\u00e7\u00e3o aplic\u00e1vel com base em:<\/p>\n\n\n\n<ul class=\"wp-block-list\">\n<li>Consentimento do utilizador, quando necess\u00e1rio<\/li>\n\n\n\n<li>Interesses leg\u00edtimos perseguidos pela Arxelo, incluindo a opera\u00e7\u00e3o, prote\u00e7\u00e3o e melhoria do site e do seu conte\u00fado<\/li>\n\n\n\n<li>Cumprimento das obriga\u00e7\u00f5es legais<\/li>\n\n\n\n<li>Execu\u00e7\u00e3o de medidas contratuais ou pr\u00e9-contratuais, quando aplic\u00e1vel<br><\/li>\n<\/ul>\n\n\n\n<h3 class=\"wp-block-heading has-medium-font-size\">6. Divulga\u00e7\u00e3o de dados pessoais<\/h3>\n\n\n\n<p>Os dados pessoais n\u00e3o s\u00e3o vendidos nem alugados.<\/p>\n\n\n\n<p>Os dados pessoais s\u00f3 podem ser divulgados a terceiros quando necess\u00e1rio, incluindo:<\/p>\n\n\n\n<ul class=\"wp-block-list\">\n<li>Hospedagem, gest\u00e3o de conte\u00fado, an\u00e1lise e prestadores de servi\u00e7os de TI<\/li>\n\n\n\n<li>Provedores de boletins informativos, entrega de e-mails ou an\u00e1lise de p\u00fablico (quando aplic\u00e1vel)<\/li>\n\n\n\n<li>Consultores profissionais, reguladores ou autoridades, quando exigido por lei<\/li>\n<\/ul>\n\n\n\n<p>Todos os terceiros s\u00e3o obrigados a processar dados pessoais de acordo com as leis de prote\u00e7\u00e3o de dados aplic\u00e1veis e as salvaguardas apropriadas.<br><\/p>\n\n\n\n<h3 class=\"wp-block-heading has-medium-font-size\">7. Transfer\u00eancias internacionais de dados<\/h3>\n\n\n\n<p>Os dados pessoais podem ser transferidos e processados em pa\u00edses fora da Uni\u00e3o Europeia, do Reino Unido ou da Su\u00ed\u00e7a. Quando essas transfer\u00eancias ocorrem, a Arxelo implementa salvaguardas adequadas, incluindo decis\u00f5es de adequa\u00e7\u00e3o, cl\u00e1usulas contratuais padr\u00e3o ou outros mecanismos de transfer\u00eancia legais.<br><\/p>\n\n\n\n<h3 class=\"wp-block-heading has-medium-font-size\">8. Reten\u00e7\u00e3o de dados<\/h3>\n\n\n\n<p>Os dados pessoais s\u00e3o retidos apenas pelo tempo necess\u00e1rio para cumprir os fins para os quais foram recolhidos, a menos que um per\u00edodo de reten\u00e7\u00e3o mais longo seja exigido ou permitido por lei.<br><\/p>\n\n\n\n<h3 class=\"wp-block-heading has-medium-font-size\">9. Cookies e tecnologias semelhantes<\/h3>\n\n\n\n<p>O Website pode utilizar cookies e tecnologias semelhantes para:<\/p>\n\n\n\n<ul class=\"wp-block-list\">\n<li>Garantir a funcionalidade principal<\/li>\n\n\n\n<li>Analisar as tend\u00eancias de tr\u00e1fego e audi\u00eancia<\/li>\n\n\n\n<li>Melhorar a relev\u00e2ncia do conte\u00fado e a experi\u00eancia do utilizador<\/li>\n<\/ul>\n\n\n\n<p>Os utilizadores podem gerir ou desativar os cookies atrav\u00e9s das defini\u00e7\u00f5es do seu navegador.<br>Detalhes adicionais podem ser fornecidos numa Pol\u00edtica de Cookies separada, quando aplic\u00e1vel.<br><\/p>\n\n\n\n<h3 class=\"wp-block-heading has-medium-font-size\">10. Seguran\u00e7a dos dados<\/h3>\n\n\n\n<p>A Arxelo implementa medidas t\u00e9cnicas e organizacionais adequadas para proteger os dados pessoais contra acesso n\u00e3o autorizado, perda, altera\u00e7\u00e3o ou divulga\u00e7\u00e3o. Embora sejam aplicadas salvaguardas razo\u00e1veis, nenhum m\u00e9todo de transmiss\u00e3o ou armazenamento pode ser garantido como totalmente seguro.<br><\/p>\n\n\n\n<h3 class=\"wp-block-heading has-medium-font-size\">11. Direitos do titular dos dados<\/h3>\n\n\n\n<p>De acordo com as leis de prote\u00e7\u00e3o de dados aplic\u00e1veis, os utilizadores t\u00eam o direito de:<\/p>\n\n\n\n<ul class=\"wp-block-list\">\n<li>Aceder aos seus dados pessoais<\/li>\n\n\n\n<li>Solicitar a retifica\u00e7\u00e3o de dados imprecisos ou incompletos<\/li>\n\n\n\n<li>Solicitar a elimina\u00e7\u00e3o de dados pessoais<\/li>\n\n\n\n<li>Solicitar restri\u00e7\u00e3o do processamento<\/li>\n\n\n\n<li>Obje\u00e7\u00e3o ao processamento<\/li>\n\n\n\n<li>Solicitar portabilidade de dados<\/li>\n\n\n\n<li>Retirar o consentimento a qualquer momento, quando o processamento se basear no consentimento<\/li>\n<\/ul>\n\n\n\n<p>Os pedidos podem ser enviados para: <strong>[<a>info@arxelo.com<\/a>]<\/strong><br><\/p>\n\n\n\n<h3 class=\"wp-block-heading has-medium-font-size\">12. Direito de apresentar uma reclama\u00e7\u00e3o<\/h3>\n\n\n\n<p>Os utilizadores t\u00eam o direito de apresentar uma reclama\u00e7\u00e3o junto de uma autoridade competente em mat\u00e9ria de prote\u00e7\u00e3o de dados, incluindo uma autoridade na UE, o Gabinete do Comiss\u00e1rio de Informa\u00e7\u00e3o do Reino Unido (ICO) ou o Comiss\u00e1rio Federal Su\u00ed\u00e7o para a Prote\u00e7\u00e3o de Dados e Informa\u00e7\u00e3o (FDPIC).<br><\/p>\n\n\n\n<h3 class=\"wp-block-heading has-medium-font-size\">13. Sites de terceiros<\/h3>\n\n\n\n<p>O Website pode conter links para websites de terceiros, incluindo plataformas, protocolos ou servi\u00e7os relacionados com blockchain e ativos digitais. A Arxelo n\u00e3o se responsabiliza pelas pr\u00e1ticas de privacidade ou pelo conte\u00fado desses websites de terceiros. Os utilizadores s\u00e3o encorajados a rever as pol\u00edticas de privacidade desses terceiros.<br><\/p>\n\n\n\n<h3 class=\"wp-block-heading has-medium-font-size\">14. Altera\u00e7\u00f5es<\/h3>\n\n\n\n<p>A Arxelo reserva-se o direito de alterar esta Pol\u00edtica de Privacidade a qualquer momento. Quaisquer altera\u00e7\u00f5es ser\u00e3o publicadas no site e entrar\u00e3o em vigor ap\u00f3s a publica\u00e7\u00e3o.<br><\/p>\n\n\n\n<h3 class=\"wp-block-heading has-medium-font-size\">15. Contacto<\/h3>\n\n\n\n<p>Para quest\u00f5es ou pedidos relacionados com esta Pol\u00edtica de Privacidade ou com o tratamento de dados pessoais, contacte:<\/p>\n\n\n\n<p><strong>E-mail:<\/strong> [<a>info@arxelo.com<\/a>]<\/p>","protected":false},"excerpt":{"rendered":"<p>Data de vig\u00eancia: 01\/05\/2026 Esta Pol\u00edtica de Privacidade descreve como a Arxelo (\u201cArxelo\u201d, \u201cn\u00f3s\u201d, \u201cnos\u201d ou \u201cnosso\u201d) recolhe, utiliza e protege os dados pessoais.<\/p>","protected":false},"author":1,"featured_media":0,"parent":0,"menu_order":0,"comment_status":"closed","ping_status":"open","template":"","meta":{"colormag_page_container_layout":"default_layout","colormag_page_sidebar_layout":"default_layout","footnotes":""},"class_list":["post-3","page","type-page","status-publish","hentry"],"yoast_head":"<!-- This site is optimized with the Yoast SEO plugin v26.6 - https:\/\/yoast.com\/wordpress\/plugins\/seo\/ -->\n<title>Privacy Policy - Arxelo | Blockchain, Crypto &amp; Digital Asset Infrastructure<\/title>\n<meta name=\"robots\" content=\"index, follow, max-snippet:-1, max-image-preview:large, max-video-preview:-1\" \/>\n<link rel=\"canonical\" href=\"https:\/\/www.arxelo.com\/pt\/politica-de-privacidade\/\" \/>\n<meta property=\"og:locale\" content=\"pt_PT\" \/>\n<meta property=\"og:type\" content=\"article\" \/>\n<meta property=\"og:title\" content=\"Privacy Policy - Arxelo | Blockchain, Crypto &amp; Digital Asset Infrastructure\" \/>\n<meta property=\"og:description\" content=\"Effective Date: 05\/01\/2026 This Privacy Policy describes how Arxelo (\u201cArxelo,\u201d \u201cwe,\u201d \u201cus,\u201d or \u201cour\u201d) collects, uses, and protects personal data\" \/>\n<meta property=\"og:url\" content=\"https:\/\/www.arxelo.com\/pt\/politica-de-privacidade\/\" \/>\n<meta property=\"og:site_name\" content=\"Arxelo | Blockchain, Crypto &amp; Digital Asset Infrastructure\" \/>\n<meta property=\"article:modified_time\" content=\"2026-01-04T08:52:11+00:00\" \/>\n<meta name=\"twitter:card\" content=\"summary_large_image\" \/>\n<meta name=\"twitter:label1\" content=\"Tempo estimado de leitura\" \/>\n\t<meta name=\"twitter:data1\" content=\"4 minutos\" \/>\n<script type=\"application\/ld+json\" class=\"yoast-schema-graph\">{\"@context\":\"https:\/\/schema.org\",\"@graph\":[{\"@type\":\"WebPage\",\"@id\":\"https:\/\/www.arxelo.com\/pt\/politica-de-privacidade\/\",\"url\":\"https:\/\/www.arxelo.com\/pt\/politica-de-privacidade\/\",\"name\":\"Privacy Policy - Arxelo | Blockchain, Crypto &amp; Digital Asset Infrastructure\",\"isPartOf\":{\"@id\":\"https:\/\/www.arxelo.com\/#website\"},\"datePublished\":\"2025-12-17T13:55:41+00:00\",\"dateModified\":\"2026-01-04T08:52:11+00:00\",\"breadcrumb\":{\"@id\":\"https:\/\/www.arxelo.com\/pt\/politica-de-privacidade\/#breadcrumb\"},\"inLanguage\":\"pt-PT\",\"potentialAction\":[{\"@type\":\"ReadAction\",\"target\":[\"https:\/\/www.arxelo.com\/pt\/politica-de-privacidade\/\"]}]},{\"@type\":\"BreadcrumbList\",\"@id\":\"https:\/\/www.arxelo.com\/pt\/politica-de-privacidade\/#breadcrumb\",\"itemListElement\":[{\"@type\":\"ListItem\",\"position\":1,\"name\":\"Home\",\"item\":\"https:\/\/www.arxelo.com\/\"},{\"@type\":\"ListItem\",\"position\":2,\"name\":\"Privacy Policy\"}]},{\"@type\":\"WebSite\",\"@id\":\"https:\/\/www.arxelo.com\/#website\",\"url\":\"https:\/\/www.arxelo.com\/\",\"name\":\"Arxelo | Blockchain, Crypto & Digital Asset Infrastructure\",\"description\":\"Arxelo delivers institutional-grade insight into blockchain infrastructure, crypto markets, Web3 platforms, and the future of digital assets and tokenized economies.\",\"publisher\":{\"@id\":\"https:\/\/www.arxelo.com\/#organization\"},\"potentialAction\":[{\"@type\":\"SearchAction\",\"target\":{\"@type\":\"EntryPoint\",\"urlTemplate\":\"https:\/\/www.arxelo.com\/?s={search_term_string}\"},\"query-input\":{\"@type\":\"PropertyValueSpecification\",\"valueRequired\":true,\"valueName\":\"search_term_string\"}}],\"inLanguage\":\"pt-PT\"},{\"@type\":\"Organization\",\"@id\":\"https:\/\/www.arxelo.com\/#organization\",\"name\":\"Arxelo | Blockchain, Crypto & Digital Asset Infrastructure\",\"url\":\"https:\/\/www.arxelo.com\/\",\"logo\":{\"@type\":\"ImageObject\",\"inLanguage\":\"pt-PT\",\"@id\":\"https:\/\/www.arxelo.com\/#\/schema\/logo\/image\/\",\"url\":\"https:\/\/www.arxelo.com\/wp-content\/uploads\/2025\/12\/arxelo.png\",\"contentUrl\":\"https:\/\/www.arxelo.com\/wp-content\/uploads\/2025\/12\/arxelo.png\",\"width\":244,\"height\":71,\"caption\":\"Arxelo | Blockchain, Crypto & Digital Asset Infrastructure\"},\"image\":{\"@id\":\"https:\/\/www.arxelo.com\/#\/schema\/logo\/image\/\"}}]}<\/script>\n<!-- \/ Yoast SEO plugin. -->","yoast_head_json":{"title":"Pol\u00edtica de Privacidade - Arxelo | Blockchain, Criptomoedas e Infraestrutura de Ativos Digitais","robots":{"index":"index","follow":"follow","max-snippet":"max-snippet:-1","max-image-preview":"max-image-preview:large","max-video-preview":"max-video-preview:-1"},"canonical":"https:\/\/www.arxelo.com\/pt\/politica-de-privacidade\/","og_locale":"pt_PT","og_type":"article","og_title":"Privacy Policy - Arxelo | Blockchain, Crypto &amp; Digital Asset Infrastructure","og_description":"Effective Date: 05\/01\/2026 This Privacy Policy describes how Arxelo (\u201cArxelo,\u201d \u201cwe,\u201d \u201cus,\u201d or \u201cour\u201d) collects, uses, and protects personal data","og_url":"https:\/\/www.arxelo.com\/pt\/politica-de-privacidade\/","og_site_name":"Arxelo | Blockchain, Crypto &amp; Digital Asset Infrastructure","article_modified_time":"2026-01-04T08:52:11+00:00","twitter_card":"summary_large_image","twitter_misc":{"Tempo estimado de leitura":"4 minutos"},"schema":{"@context":"https:\/\/schema.org","@graph":[{"@type":"WebPage","@id":"https:\/\/www.arxelo.com\/pt\/politica-de-privacidade\/","url":"https:\/\/www.arxelo.com\/pt\/politica-de-privacidade\/","name":"Pol\u00edtica de Privacidade - Arxelo | Blockchain, Criptomoedas e Infraestrutura de Ativos Digitais","isPartOf":{"@id":"https:\/\/www.arxelo.com\/#website"},"datePublished":"2025-12-17T13:55:41+00:00","dateModified":"2026-01-04T08:52:11+00:00","breadcrumb":{"@id":"https:\/\/www.arxelo.com\/pt\/politica-de-privacidade\/#breadcrumb"},"inLanguage":"pt-PT","potentialAction":[{"@type":"ReadAction","target":["https:\/\/www.arxelo.com\/pt\/politica-de-privacidade\/"]}]},{"@type":"BreadcrumbList","@id":"https:\/\/www.arxelo.com\/pt\/politica-de-privacidade\/#breadcrumb","itemListElement":[{"@type":"ListItem","position":1,"name":"Home","item":"https:\/\/www.arxelo.com\/"},{"@type":"ListItem","position":2,"name":"Privacy Policy"}]},{"@type":"WebSite","@id":"https:\/\/www.arxelo.com\/#website","url":"https:\/\/www.arxelo.com\/","name":"Arxelo | Infraestrutura de blockchain, criptomoedas e ativos digitais","description":"A Arxelo oferece insights de n\u00edvel institucional sobre infraestrutura de blockchain, mercados de criptomoedas, plataformas Web3 e o futuro dos ativos digitais e economias tokenizadas.","publisher":{"@id":"https:\/\/www.arxelo.com\/#organization"},"potentialAction":[{"@type":"SearchAction","target":{"@type":"EntryPoint","urlTemplate":"https:\/\/www.arxelo.com\/?s={search_term_string}"},"query-input":{"@type":"PropertyValueSpecification","valueRequired":true,"valueName":"search_term_string"}}],"inLanguage":"pt-PT"},{"@type":"Organization","@id":"https:\/\/www.arxelo.com\/#organization","name":"Arxelo | Infraestrutura de blockchain, criptomoedas e ativos digitais","url":"https:\/\/www.arxelo.com\/","logo":{"@type":"ImageObject","inLanguage":"pt-PT","@id":"https:\/\/www.arxelo.com\/#\/schema\/logo\/image\/","url":"https:\/\/www.arxelo.com\/wp-content\/uploads\/2025\/12\/arxelo.png","contentUrl":"https:\/\/www.arxelo.com\/wp-content\/uploads\/2025\/12\/arxelo.png","width":244,"height":71,"caption":"Arxelo | Blockchain, Crypto & Digital Asset Infrastructure"},"image":{"@id":"https:\/\/www.arxelo.com\/#\/schema\/logo\/image\/"}}]}},"_links":{"self":[{"href":"https:\/\/www.arxelo.com\/pt\/wp-json\/wp\/v2\/pages\/3","targetHints":{"allow":["GET"]}}],"collection":[{"href":"https:\/\/www.arxelo.com\/pt\/wp-json\/wp\/v2\/pages"}],"about":[{"href":"https:\/\/www.arxelo.com\/pt\/wp-json\/wp\/v2\/types\/page"}],"author":[{"embeddable":true,"href":"https:\/\/www.arxelo.com\/pt\/wp-json\/wp\/v2\/users\/1"}],"replies":[{"embeddable":true,"href":"https:\/\/www.arxelo.com\/pt\/wp-json\/wp\/v2\/comments?post=3"}],"version-history":[{"count":1,"href":"https:\/\/www.arxelo.com\/pt\/wp-json\/wp\/v2\/pages\/3\/revisions"}],"predecessor-version":[{"id":661,"href":"https:\/\/www.arxelo.com\/pt\/wp-json\/wp\/v2\/pages\/3\/revisions\/661"}],"wp:attachment":[{"href":"https:\/\/www.arxelo.com\/pt\/wp-json\/wp\/v2\/media?parent=3"}],"curies":[{"name":"wp","href":"https:\/\/api.w.org\/{rel}","templated":true}]}}