{"id":562,"date":"2026-01-04T08:45:04","date_gmt":"2026-01-04T08:45:04","guid":{"rendered":"https:\/\/themegrilldemos.com\/colormag-pro-technology\/?page_id=562"},"modified":"2026-01-04T08:55:33","modified_gmt":"2026-01-04T08:55:33","slug":"warunki","status":"publish","type":"page","link":"https:\/\/www.arxelo.com\/pl\/warunki\/","title":{"rendered":"Warunki"},"content":{"rendered":"<p><strong>Data wej\u015bcia w \u017cycie: 05.01.2026 r.<\/strong><\/p>\n\n\n\n<p>Niniejsze Warunki (\u201cWarunki\u201d) reguluj\u0105 dost\u0119p do strony internetowej i korzystanie z niej. <strong><a>www.arxelo.com<\/a><\/strong> (\u201cWitryna internetowa\u201d), obs\u0142ugiwana przez <strong>Arxelo<\/strong> (\u201cArxelo\u201d, \u201cmy\u201d, \u201cnas\u201d lub \u201cnasz\u201d). Uzyskuj\u0105c dost\u0119p do Witryny lub korzystaj\u0105c z niej, u\u017cytkownik potwierdza, \u017ce zapozna\u0142 si\u0119 z niniejszymi Warunkami, zrozumia\u0142 je i zgadza si\u0119 na ich prawn\u0105 moc wi\u0105\u017c\u0105c\u0105. Je\u015bli u\u017cytkownik nie zgadza si\u0119 z niniejszymi Warunkami, nie mo\u017ce uzyskiwa\u0107 dost\u0119pu do Witryny ani z niej korzysta\u0107.<br><\/p>\n\n\n\n<h3 class=\"wp-block-heading has-medium-font-size\">1. Charakter strony internetowej<\/h3>\n\n\n\n<p>Arxelo to globalny magazyn internetowy dostarczaj\u0105cy tre\u015bci redakcyjne, analityczne i informacyjne dotycz\u0105ce infrastruktury blockchain, rynk\u00f3w kryptowalut, platform Web3, aktyw\u00f3w cyfrowych, gospodarek opartych na tokenach i powi\u0105zanych technologii.<\/p>\n\n\n\n<p>Witryna internetowa jest udost\u0119pniana u\u017cytkownikom bezp\u0142atnie.<br>Wszystkie tre\u015bci maj\u0105 charakter wy\u0142\u0105cznie informacyjny i redakcyjny.<br><\/p>\n\n\n\n<h3 class=\"wp-block-heading has-medium-font-size\">2. Kwalifikowalno\u015b\u0107 i zdolno\u015b\u0107 prawna<\/h3>\n\n\n\n<p>O\u015bwiadczasz i gwarantujesz, \u017ce posiadasz zdolno\u015b\u0107 prawn\u0105 do zawierania wi\u0105\u017c\u0105cych um\u00f3w zgodnie z obowi\u0105zuj\u0105cym prawem.<br>Je\u015bli korzystasz z Witryny w imieniu osoby prawnej, potwierdzasz, \u017ce jeste\u015b nale\u017cycie upowa\u017cniony do zwi\u0105zania tej osoby niniejszymi Warunkami.<br><\/p>\n\n\n\n<h3 class=\"wp-block-heading has-medium-font-size\">3. Prawa w\u0142asno\u015bci intelektualnej<\/h3>\n\n\n\n<p>Wszystkie tre\u015bci publikowane lub udost\u0119pniane w Witrynie, w tym mi\u0119dzy innymi artyku\u0142y, teksty, badania, analizy, grafiki, obrazy, zdj\u0119cia, ilustracje, logo, uk\u0142ad, elementy projektu, kompilacje danych i materia\u0142y audiowizualne (zwane \u0142\u0105cznie \u201cTre\u015bci\u0105\u201d) s\u0105 chronione prawem autorskim, prawem dotycz\u0105cym znak\u00f3w towarowych i innymi prawami w\u0142asno\u015bci intelektualnej.<\/p>\n\n\n\n<p>O ile nie wskazano inaczej, Tre\u015bci s\u0105 w\u0142asno\u015bci\u0105 Arxelo lub s\u0105 przez ni\u0105 licencjonowane.<br>U\u017cytkownicy otrzymuj\u0105 ograniczon\u0105, niewy\u0142\u0105czn\u0105, nieprzenoszaln\u0105 i odwo\u0142aln\u0105 licencj\u0119 na dost\u0119p do Tre\u015bci i ich przegl\u0105danie wy\u0142\u0105cznie do u\u017cytku osobistego, niekomercyjnego.<\/p>\n\n\n\n<p>Wszelkie powielanie, rozpowszechnianie, modyfikowanie, ponowne publikowanie, publiczne wy\u015bwietlanie, scrapowanie lub komercyjne wykorzystywanie Tre\u015bci bez uprzedniej pisemnej zgody Arxelo jest surowo zabronione.<br><\/p>\n\n\n\n<h3 class=\"wp-block-heading has-medium-font-size\">4. Obrazy i tre\u015bci wizualne<\/h3>\n\n\n\n<p>Arxelo dok\u0142ada wszelkich stara\u0144, aby wszystkie obrazy, wykresy, ilustracje, grafiki i inne materia\u0142y wizualne publikowane na stronie internetowej by\u0142y:<\/p>\n\n\n\n<ul class=\"wp-block-list\">\n<li>Bez op\u0142at licencyjnych,<\/li>\n\n\n\n<li>Posiadaj\u0105cy odpowiedni\u0105 licencj\u0119,<\/li>\n\n\n\n<li>Pochodz\u0105ce od renomowanych dostawc\u00f3w lub<\/li>\n\n\n\n<li>U\u017cywane za odpowiedni\u0105 zgod\u0105.<\/li>\n<\/ul>\n\n\n\n<p>Je\u015bli kto\u015b uwa\u017ca, \u017ce element wizualny opublikowany na stronie internetowej mo\u017ce nie by\u0107 odpowiednio licencjonowany lub autoryzowany, prosimy o niezw\u0142oczne powiadomienie firmy Arxelo pod adresem:<\/p>\n\n\n\n<p><strong>E-mail:<\/strong> <a>info@arxelo.com<\/a><\/p>\n\n\n\n<p>Po otrzymaniu takiego powiadomienia firma Arxelo rozpatrzy spraw\u0119 w dobrej wierze i, w stosownych przypadkach, podejmie dzia\u0142ania naprawcze, w tym usuni\u0119cie, zast\u0105pienie lub zmian\u0119 odpowiednich tre\u015bci.<br><\/p>\n\n\n\n<h3 class=\"wp-block-heading has-medium-font-size\">5. Post\u0119powanie u\u017cytkownika<\/h3>\n\n\n\n<p>U\u017cytkownicy zobowi\u0105zuj\u0105 si\u0119 do korzystania z Witryny w spos\u00f3b zgodny z prawem i odpowiedzialny oraz nie b\u0119d\u0105:<\/p>\n\n\n\n<ul class=\"wp-block-list\">\n<li>Narusza\u0107 jakiekolwiek obowi\u0105zuj\u0105ce przepisy prawa lub regulacje<\/li>\n\n\n\n<li>Narusza\u0107 prawa w\u0142asno\u015bci intelektualnej, poufno\u015bci lub inne prawa Arxelo lub stron trzecich.<\/li>\n\n\n\n<li>Niew\u0142a\u015bciwe wykorzystanie tre\u015bci w celu wprowadzenia w b\u0142\u0105d, oszustwa lub manipulacji<\/li>\n\n\n\n<li>Wprowadzanie wirus\u00f3w, z\u0142o\u015bliwego oprogramowania lub innego szkodliwego kodu<\/li>\n\n\n\n<li>Pr\u00f3by ingerowania w dzia\u0142anie lub zak\u0142\u00f3cania funkcjonowania Witryny, jej serwer\u00f3w lub zabezpiecze\u0144<\/li>\n<\/ul>\n\n\n\n<p>Arxelo zastrzega sobie prawo do ograniczenia, zawieszenia lub zako\u0144czenia dost\u0119pu do Witryny wed\u0142ug w\u0142asnego uznania w przypadku nadu\u017cycia lub naruszenia niniejszych Warunk\u00f3w.<br><\/p>\n\n\n\n<h3 class=\"wp-block-heading has-medium-font-size\">6. Linki i tre\u015bci stron trzecich<\/h3>\n\n\n\n<p>Witryna internetowa mo\u017ce zawiera\u0107 linki do stron internetowych, protoko\u0142\u00f3w, platform lub us\u0142ug stron trzecich, w tym zwi\u0105zanych z technologi\u0105 blockchain, aktywami kryptograficznymi lub technologiami Web3.<br>Linki te zamieszczono wy\u0142\u0105cznie w celach informacyjnych.<\/p>\n\n\n\n<p>Arxelo nie kontroluje, nie popiera ani nie ponosi odpowiedzialno\u015bci za tre\u015b\u0107, dok\u0142adno\u015b\u0107, dost\u0119pno\u015b\u0107, legalno\u015b\u0107 lub praktyki stron internetowych lub us\u0142ug stron trzecich.<br>Dost\u0119p do zasob\u00f3w stron trzecich odbywa si\u0119 na w\u0142asne ryzyko u\u017cytkownika.<br><\/p>\n\n\n\n<h3 class=\"wp-block-heading has-medium-font-size\">7. Wy\u0142\u0105czenie odpowiedzialno\u015bci z tytu\u0142u gwarancji<\/h3>\n\n\n\n<p>Witryna internetowa i ca\u0142a jej zawarto\u015b\u0107 s\u0105 udost\u0119pniane w stanie, w jakim si\u0119 znajduj\u0105, i w miar\u0119 dost\u0119pno\u015bci, bez \u017cadnych gwarancji, wyra\u017anych lub dorozumianych.<\/p>\n\n\n\n<p>Arxelo nie sk\u0142ada \u017cadnych o\u015bwiadcze\u0144 ani nie udziela \u017cadnych gwarancji dotycz\u0105cych:<\/p>\n\n\n\n<ul class=\"wp-block-list\">\n<li>Dok\u0142adno\u015b\u0107, kompletno\u015b\u0107 lub aktualno\u015b\u0107 Tre\u015bci<\/li>\n\n\n\n<li>Przydatno\u015b\u0107 dowolnej tre\u015bci do okre\u015blonego celu<\/li>\n\n\n\n<li>Nieprzerwane i bezawaryjne dzia\u0142anie Witryny internetowej<\/li>\n\n\n\n<li>Brak wad technicznych lub szkodliwych element\u00f3w<\/li>\n<\/ul>\n\n\n\n<p>Tre\u015bci dotycz\u0105ce technologii blockchain, aktyw\u00f3w kryptograficznych, tokenizacji, rynk\u00f3w lub nowych technologii nie <strong>nie<\/strong> stanowi\u0105 porady inwestycyjne, finansowe, prawne, podatkowe ani \u017cadnego rodzaju porady profesjonalne.<br><\/p>\n\n\n\n<h3 class=\"wp-block-heading has-medium-font-size\">8. Ograniczenie odpowiedzialno\u015bci<\/h3>\n\n\n\n<p>W maksymalnym zakresie dozwolonym przez obowi\u0105zuj\u0105ce prawo firma Arxelo nie ponosi odpowiedzialno\u015bci za jakiekolwiek bezpo\u015brednie, po\u015brednie, przypadkowe, wynikowe lub szczeg\u00f3lne szkody wynikaj\u0105ce z lub zwi\u0105zane z:<\/p>\n\n\n\n<ul class=\"wp-block-list\">\n<li>Dost\u0119p do Witryny lub korzystanie z niej<\/li>\n\n\n\n<li>Poleganie na jakichkolwiek tre\u015bciach<\/li>\n\n\n\n<li>B\u0142\u0119dy, pomini\u0119cia lub nie\u015bcis\u0142o\u015bci w tre\u015bci<\/li>\n\n\n\n<li>Awarie techniczne, przerwy w dzia\u0142aniu lub utrata danych<\/li>\n<\/ul>\n\n\n\n<p>\u017badne postanowienie niniejszych Warunk\u00f3w nie wy\u0142\u0105cza ani nie ogranicza odpowiedzialno\u015bci, je\u017celi takie wy\u0142\u0105czenie lub ograniczenie jest zabronione przez prawo.<br><\/p>\n\n\n\n<h3 class=\"wp-block-heading has-medium-font-size\">9. Ochrona danych i prywatno\u015b\u0107<\/h3>\n\n\n\n<p>Arxelo przetwarza dane osobowe zgodnie z obowi\u0105zuj\u0105cymi przepisami o ochronie danych, w tym:<\/p>\n\n\n\n<ul class=\"wp-block-list\">\n<li>Og\u00f3lne rozporz\u0105dzenie o ochronie danych (RODO)<\/li>\n\n\n\n<li>Brytyjski RODO<\/li>\n\n\n\n<li>Szwajcarska federalna ustawa o ochronie danych (FADP)<\/li>\n<\/ul>\n\n\n\n<p>Dane osobowe s\u0105 przetwarzane zgodnie z prawem, w spos\u00f3b uczciwy i przejrzysty oraz wy\u0142\u0105cznie w uzasadnionych celach.<br>Wi\u0119cej informacji mo\u017cna znale\u017a\u0107 w <strong>Polityka prywatno\u015bci<\/strong>, kt\u00f3ra stanowi integraln\u0105 cz\u0119\u015b\u0107 niniejszych Warunk\u00f3w.<br><\/p>\n\n\n\n<h3 class=\"wp-block-heading has-medium-font-size\">10. Poprawki<\/h3>\n\n\n\n<p>Arxelo zastrzega sobie prawo do zmiany lub aktualizacji niniejszych Warunk\u00f3w w dowolnym momencie.<br>Wszelkie zmiany wchodz\u0105 w \u017cycie z chwil\u0105 opublikowania ich na stronie internetowej. Dalsze korzystanie ze strony internetowej po wprowadzeniu takich zmian oznacza akceptacj\u0119 zmienionych Warunk\u00f3w.<br><\/p>\n\n\n\n<h3 class=\"wp-block-heading has-medium-font-size\">11. Rozdzielno\u015b\u0107 postanowie\u0144<\/h3>\n\n\n\n<p>Je\u015bli kt\u00f3rekolwiek z postanowie\u0144 niniejszych Warunk\u00f3w zostanie uznane za niewa\u017cne, niezgodne z prawem lub niewykonalne, postanowienie to zostanie wy\u0142\u0105czone, a pozosta\u0142e postanowienia pozostan\u0105 w mocy.<br><\/p>\n\n\n\n<h3 class=\"wp-block-heading has-medium-font-size\">12. Prawo w\u0142a\u015bciwe i jurysdykcja<\/h3>\n\n\n\n<p>Niniejsze Warunki podlegaj\u0105 prawu i b\u0119d\u0105 interpretowane zgodnie z prawem <strong>prawo szwajcarskie<\/strong>, bez wzgl\u0119du na zasady kolizji praw.<\/p>\n\n\n\n<p>Wszelkie spory wynikaj\u0105ce z niniejszych Warunk\u00f3w lub korzystania z Witryny internetowej lub zwi\u0105zane z nimi podlegaj\u0105 wy\u0142\u0105cznej jurysdykcji w\u0142a\u015bciwych s\u0105d\u00f3w szwajcarskich, z zastrze\u017ceniem obowi\u0105zkowych przepis\u00f3w dotycz\u0105cych ochrony konsument\u00f3w, je\u015bli maj\u0105 one zastosowanie.<br><\/p>\n\n\n\n<h3 class=\"wp-block-heading has-medium-font-size\">13. Dane kontaktowe<\/h3>\n\n\n\n<p>W przypadku pyta\u0144 lub uwag dotycz\u0105cych niniejszych Warunk\u00f3w prosimy o kontakt:<\/p>\n\n\n\n<p><strong>E-mail:<\/strong> <a>info@arxelo.com<\/a><\/p>","protected":false},"excerpt":{"rendered":"<p>Data wej\u015bcia w \u017cycie: 05.01.2026 Niniejsze warunki (\u201cWarunki\u201d) reguluj\u0105 dost\u0119p do strony internetowej www.arxelo.com (\u201cStrona internetowa\u201d) oraz korzystanie z niej.<\/p>","protected":false},"author":1,"featured_media":0,"parent":0,"menu_order":0,"comment_status":"closed","ping_status":"closed","template":"","meta":{"colormag_page_container_layout":"default_layout","colormag_page_sidebar_layout":"default_layout","footnotes":""},"class_list":["post-562","page","type-page","status-publish","hentry"],"yoast_head":"<!-- This site is optimized with the Yoast SEO plugin v26.6 - https:\/\/yoast.com\/wordpress\/plugins\/seo\/ -->\n<title>Terms and Conditions - Arxelo | Blockchain, Crypto &amp; Digital Asset Infrastructure<\/title>\n<meta name=\"robots\" content=\"index, follow, max-snippet:-1, max-image-preview:large, max-video-preview:-1\" \/>\n<link rel=\"canonical\" href=\"http:\/\/www.arxelo.com\/pl\/warunki\/\" \/>\n<meta property=\"og:locale\" content=\"pl_PL\" \/>\n<meta property=\"og:type\" content=\"article\" \/>\n<meta property=\"og:title\" content=\"Terms and Conditions - Arxelo | Blockchain, Crypto &amp; Digital Asset Infrastructure\" \/>\n<meta property=\"og:description\" content=\"Effective Date: 05\/01\/2026 These Terms and Conditions (\u201cTerms\u201d) govern access to and use of the website www.arxelo.com (the \u201cWebsite\u201d), operated\" \/>\n<meta property=\"og:url\" content=\"http:\/\/www.arxelo.com\/pl\/warunki\/\" \/>\n<meta property=\"og:site_name\" content=\"Arxelo | Blockchain, Crypto &amp; Digital Asset Infrastructure\" \/>\n<meta property=\"article:modified_time\" content=\"2026-01-04T08:55:33+00:00\" \/>\n<meta name=\"twitter:card\" content=\"summary_large_image\" \/>\n<meta name=\"twitter:label1\" content=\"Szacowany czas czytania\" \/>\n\t<meta name=\"twitter:data1\" content=\"5 minut\" \/>\n<script type=\"application\/ld+json\" class=\"yoast-schema-graph\">{\"@context\":\"https:\/\/schema.org\",\"@graph\":[{\"@type\":\"WebPage\",\"@id\":\"http:\/\/www.arxelo.com\/terms-and-conditions\/\",\"url\":\"http:\/\/www.arxelo.com\/terms-and-conditions\/\",\"name\":\"Terms and Conditions - Arxelo | Blockchain, Crypto &amp; Digital Asset Infrastructure\",\"isPartOf\":{\"@id\":\"https:\/\/www.arxelo.com\/#website\"},\"datePublished\":\"2026-01-04T08:45:04+00:00\",\"dateModified\":\"2026-01-04T08:55:33+00:00\",\"breadcrumb\":{\"@id\":\"http:\/\/www.arxelo.com\/terms-and-conditions\/#breadcrumb\"},\"inLanguage\":\"pl-PL\",\"potentialAction\":[{\"@type\":\"ReadAction\",\"target\":[\"http:\/\/www.arxelo.com\/terms-and-conditions\/\"]}]},{\"@type\":\"BreadcrumbList\",\"@id\":\"http:\/\/www.arxelo.com\/terms-and-conditions\/#breadcrumb\",\"itemListElement\":[{\"@type\":\"ListItem\",\"position\":1,\"name\":\"Home\",\"item\":\"https:\/\/www.arxelo.com\/\"},{\"@type\":\"ListItem\",\"position\":2,\"name\":\"Terms and Conditions\"}]},{\"@type\":\"WebSite\",\"@id\":\"https:\/\/www.arxelo.com\/#website\",\"url\":\"https:\/\/www.arxelo.com\/\",\"name\":\"Arxelo | Blockchain, Crypto & Digital Asset Infrastructure\",\"description\":\"Arxelo delivers institutional-grade insight into blockchain infrastructure, crypto markets, Web3 platforms, and the future of digital assets and tokenized economies.\",\"publisher\":{\"@id\":\"https:\/\/www.arxelo.com\/#organization\"},\"potentialAction\":[{\"@type\":\"SearchAction\",\"target\":{\"@type\":\"EntryPoint\",\"urlTemplate\":\"https:\/\/www.arxelo.com\/?s={search_term_string}\"},\"query-input\":{\"@type\":\"PropertyValueSpecification\",\"valueRequired\":true,\"valueName\":\"search_term_string\"}}],\"inLanguage\":\"pl-PL\"},{\"@type\":\"Organization\",\"@id\":\"https:\/\/www.arxelo.com\/#organization\",\"name\":\"Arxelo | Blockchain, Crypto & Digital Asset Infrastructure\",\"url\":\"https:\/\/www.arxelo.com\/\",\"logo\":{\"@type\":\"ImageObject\",\"inLanguage\":\"pl-PL\",\"@id\":\"https:\/\/www.arxelo.com\/#\/schema\/logo\/image\/\",\"url\":\"https:\/\/www.arxelo.com\/wp-content\/uploads\/2025\/12\/arxelo.png\",\"contentUrl\":\"https:\/\/www.arxelo.com\/wp-content\/uploads\/2025\/12\/arxelo.png\",\"width\":244,\"height\":71,\"caption\":\"Arxelo | Blockchain, Crypto & Digital Asset Infrastructure\"},\"image\":{\"@id\":\"https:\/\/www.arxelo.com\/#\/schema\/logo\/image\/\"}}]}<\/script>\n<!-- \/ Yoast SEO plugin. -->","yoast_head_json":{"title":"Warunki u\u017cytkowania \u2013 Arxelo | Infrastruktura blockchain, kryptowalut i aktyw\u00f3w cyfrowych","robots":{"index":"index","follow":"follow","max-snippet":"max-snippet:-1","max-image-preview":"max-image-preview:large","max-video-preview":"max-video-preview:-1"},"canonical":"http:\/\/www.arxelo.com\/pl\/warunki\/","og_locale":"pl_PL","og_type":"article","og_title":"Terms and Conditions - Arxelo | Blockchain, Crypto &amp; Digital Asset Infrastructure","og_description":"Effective Date: 05\/01\/2026 These Terms and Conditions (\u201cTerms\u201d) govern access to and use of the website www.arxelo.com (the \u201cWebsite\u201d), operated","og_url":"http:\/\/www.arxelo.com\/pl\/warunki\/","og_site_name":"Arxelo | Blockchain, Crypto &amp; Digital Asset Infrastructure","article_modified_time":"2026-01-04T08:55:33+00:00","twitter_card":"summary_large_image","twitter_misc":{"Szacowany czas czytania":"5 minut"},"schema":{"@context":"https:\/\/schema.org","@graph":[{"@type":"WebPage","@id":"http:\/\/www.arxelo.com\/terms-and-conditions\/","url":"http:\/\/www.arxelo.com\/terms-and-conditions\/","name":"Warunki u\u017cytkowania \u2013 Arxelo | Infrastruktura blockchain, kryptowalut i aktyw\u00f3w cyfrowych","isPartOf":{"@id":"https:\/\/www.arxelo.com\/#website"},"datePublished":"2026-01-04T08:45:04+00:00","dateModified":"2026-01-04T08:55:33+00:00","breadcrumb":{"@id":"http:\/\/www.arxelo.com\/terms-and-conditions\/#breadcrumb"},"inLanguage":"pl-PL","potentialAction":[{"@type":"ReadAction","target":["http:\/\/www.arxelo.com\/terms-and-conditions\/"]}]},{"@type":"BreadcrumbList","@id":"http:\/\/www.arxelo.com\/terms-and-conditions\/#breadcrumb","itemListElement":[{"@type":"ListItem","position":1,"name":"Home","item":"https:\/\/www.arxelo.com\/"},{"@type":"ListItem","position":2,"name":"Terms and Conditions"}]},{"@type":"WebSite","@id":"https:\/\/www.arxelo.com\/#website","url":"https:\/\/www.arxelo.com\/","name":"Arxelo | Infrastruktura blockchain, kryptowalut i aktyw\u00f3w cyfrowych","description":"Arxelo dostarcza profesjonalne analizy dotycz\u0105ce infrastruktury blockchain, rynk\u00f3w kryptowalut, platform Web3 oraz przysz\u0142o\u015bci aktyw\u00f3w cyfrowych i gospodarek opartych na tokenach.","publisher":{"@id":"https:\/\/www.arxelo.com\/#organization"},"potentialAction":[{"@type":"SearchAction","target":{"@type":"EntryPoint","urlTemplate":"https:\/\/www.arxelo.com\/?s={search_term_string}"},"query-input":{"@type":"PropertyValueSpecification","valueRequired":true,"valueName":"search_term_string"}}],"inLanguage":"pl-PL"},{"@type":"Organization","@id":"https:\/\/www.arxelo.com\/#organization","name":"Arxelo | Infrastruktura blockchain, kryptowalut i aktyw\u00f3w cyfrowych","url":"https:\/\/www.arxelo.com\/","logo":{"@type":"ImageObject","inLanguage":"pl-PL","@id":"https:\/\/www.arxelo.com\/#\/schema\/logo\/image\/","url":"https:\/\/www.arxelo.com\/wp-content\/uploads\/2025\/12\/arxelo.png","contentUrl":"https:\/\/www.arxelo.com\/wp-content\/uploads\/2025\/12\/arxelo.png","width":244,"height":71,"caption":"Arxelo | Blockchain, Crypto & Digital Asset Infrastructure"},"image":{"@id":"https:\/\/www.arxelo.com\/#\/schema\/logo\/image\/"}}]}},"_links":{"self":[{"href":"https:\/\/www.arxelo.com\/pl\/wp-json\/wp\/v2\/pages\/562","targetHints":{"allow":["GET"]}}],"collection":[{"href":"https:\/\/www.arxelo.com\/pl\/wp-json\/wp\/v2\/pages"}],"about":[{"href":"https:\/\/www.arxelo.com\/pl\/wp-json\/wp\/v2\/types\/page"}],"author":[{"embeddable":true,"href":"https:\/\/www.arxelo.com\/pl\/wp-json\/wp\/v2\/users\/1"}],"replies":[{"embeddable":true,"href":"https:\/\/www.arxelo.com\/pl\/wp-json\/wp\/v2\/comments?post=562"}],"version-history":[{"count":2,"href":"https:\/\/www.arxelo.com\/pl\/wp-json\/wp\/v2\/pages\/562\/revisions"}],"predecessor-version":[{"id":663,"href":"https:\/\/www.arxelo.com\/pl\/wp-json\/wp\/v2\/pages\/562\/revisions\/663"}],"wp:attachment":[{"href":"https:\/\/www.arxelo.com\/pl\/wp-json\/wp\/v2\/media?parent=562"}],"curies":[{"name":"wp","href":"https:\/\/api.w.org\/{rel}","templated":true}]}}