{"id":3,"date":"2025-12-17T13:55:41","date_gmt":"2025-12-17T13:55:41","guid":{"rendered":"http:\/\/www.arxelo.com\/?page_id=3"},"modified":"2026-01-04T08:52:11","modified_gmt":"2026-01-04T08:52:11","slug":"polityka-prywatnosci","status":"publish","type":"page","link":"https:\/\/www.arxelo.com\/pl\/polityka-prywatnosci\/","title":{"rendered":"Polityka prywatno\u015bci"},"content":{"rendered":"<p><strong>Data wej\u015bcia w \u017cycie: 05.01.2026 r.<\/strong><\/p>\n\n\n\n<p>Niniejsza Polityka prywatno\u015bci opisuje, w jaki spos\u00f3b <strong>Arxelo<\/strong> (\u201cArxelo\u201d, \u201cmy\u201d, \u201cnas\u201d lub \u201cnasz\u201d) gromadzi, wykorzystuje i chroni dane osobowe zwi\u0105zane z korzystaniem ze strony internetowej. <strong><a>www.arxelo.com<\/a><\/strong> (\u201cWitryna internetowa\u201d). Arxelo to globalny magazyn internetowy dostarczaj\u0105cy profesjonalnych informacji na temat infrastruktury blockchain, rynk\u00f3w kryptowalut, platform Web3 oraz zmieniaj\u0105cego si\u0119 krajobrazu aktyw\u00f3w cyfrowych i gospodarek opartych na tokenach. Arxelo zobowi\u0105zuje si\u0119 do ochrony danych osobowych zgodnie z obowi\u0105zuj\u0105cymi przepisami o ochronie danych, w tym og\u00f3lnym rozporz\u0105dzeniem o ochronie danych (RODO) UE, brytyjskim RODO oraz szwajcarsk\u0105 federaln\u0105 ustaw\u0105 o ochronie danych (FADP).<\/p>\n\n\n\n<p><\/p>\n\n\n\n<h3 class=\"wp-block-heading has-medium-font-size\">1. Administrator danych<\/h3>\n\n\n\n<p>Administratorem danych osobowych w ramach niniejszej Polityki prywatno\u015bci jest:<\/p>\n\n\n\n<p><strong>Arxelo<\/strong> : e-mail: <strong>[<a>info@arxelo.com<\/a>]<\/strong><\/p>\n\n\n\n<p><\/p>\n\n\n\n<h3 class=\"wp-block-heading has-medium-font-size\">2. Zakres stosowania<\/h3>\n\n\n\n<p>Niniejsza Polityka prywatno\u015bci dotyczy wszystkich os\u00f3b odwiedzaj\u0105cych i u\u017cytkownik\u00f3w Witryny. Reguluje ona przetwarzanie danych osobowych gromadzonych za po\u015brednictwem Witryny, w tym podczas uzyskiwania dost\u0119pu do tre\u015bci, subskrypcji aktualizacji lub kontaktowania si\u0119 z Arxelo.<\/p>\n\n\n\n<p><\/p>\n\n\n\n<h3 class=\"wp-block-heading has-medium-font-size\">3. Kategorie danych osobowych<\/h3>\n\n\n\n<p>Arxelo mo\u017ce przetwarza\u0107 nast\u0119puj\u0105ce kategorie danych osobowych:<\/p>\n\n\n\n<p><\/p>\n\n\n\n<h4 class=\"wp-block-heading has-medium-font-size\">3.1 Dane przekazane przez u\u017cytkownik\u00f3w<\/h4>\n\n\n\n<ul class=\"wp-block-list\">\n<li>Nazwa (je\u015bli podano)<\/li>\n\n\n\n<li>Adres e-mail<\/li>\n\n\n\n<li>Wszelkie informacje dobrowolnie zawarte w wiadomo\u015bciach, formularzach subskrypcyjnych lub innych komunikatach wysy\u0142anych do Arxelo<br><\/li>\n<\/ul>\n\n\n\n<h4 class=\"wp-block-heading has-medium-font-size\">3.2 Dane gromadzone automatycznie<\/h4>\n\n\n\n<p>Kiedy u\u017cytkownicy odwiedzaj\u0105 stron\u0119 internetow\u0105, niekt\u00f3re dane techniczne mog\u0105 by\u0107 zbierane automatycznie, w tym:<\/p>\n\n\n\n<ul class=\"wp-block-list\">\n<li>adres IP<\/li>\n\n\n\n<li>Typ i wersja przegl\u0105darki<\/li>\n\n\n\n<li>Urz\u0105dzenie, system operacyjny i ustawienia j\u0119zykowe<\/li>\n\n\n\n<li>Data i godzina dost\u0119pu<\/li>\n\n\n\n<li>Odwiedzone strony i odsy\u0142aj\u0105ce adresy URL<br><\/li>\n<\/ul>\n\n\n\n<h3 class=\"wp-block-heading has-medium-font-size\">4. Cele przetwarzania danych<\/h3>\n\n\n\n<p>Dane osobowe s\u0105 przetwarzane w nast\u0119puj\u0105cych celach:<\/p>\n\n\n\n<ul class=\"wp-block-list\">\n<li>Obs\u0142uga, administrowanie i utrzymanie strony internetowej<\/li>\n\n\n\n<li>Publikowanie i dostarczanie tre\u015bci redakcyjnych oraz spostrze\u017ce\u0144<\/li>\n\n\n\n<li>Komunikacja z u\u017cytkownikami i odpowiadanie na pytania<\/li>\n\n\n\n<li>Zarz\u0105dzanie subskrypcjami, biuletynami lub aktualizacjami (w stosownych przypadkach)<\/li>\n\n\n\n<li>Zapewnienie bezpiecze\u0144stwa, stabilno\u015bci i prawid\u0142owego funkcjonowania Witryny internetowej<\/li>\n\n\n\n<li>Analiza ruchu oraz poprawa jako\u015bci tre\u015bci i do\u015bwiadcze\u0144 u\u017cytkownik\u00f3w<\/li>\n\n\n\n<li>Spe\u0142nianie obowi\u0105zk\u00f3w prawnych i regulacyjnych<br><\/li>\n<\/ul>\n\n\n\n<h3 class=\"wp-block-heading has-medium-font-size\">5. Podstawy prawne przetwarzania danych<\/h3>\n\n\n\n<p>Dane osobowe s\u0105 przetwarzane zgodnie z obowi\u0105zuj\u0105cym prawem na podstawie:<\/p>\n\n\n\n<ul class=\"wp-block-list\">\n<li>Zgoda u\u017cytkownika, je\u015bli jest wymagana<\/li>\n\n\n\n<li>Uzasadnione interesy realizowane przez Arxelo, w tym obs\u0142uga, zabezpieczenie i ulepszanie Witryny internetowej oraz jej zawarto\u015bci.<\/li>\n\n\n\n<li>Zgodno\u015b\u0107 z obowi\u0105zkami prawnymi<\/li>\n\n\n\n<li>Wykonanie czynno\u015bci wynikaj\u0105cych z umowy lub czynno\u015bci przedumownych, w stosownych przypadkach<br><\/li>\n<\/ul>\n\n\n\n<h3 class=\"wp-block-heading has-medium-font-size\">6. Ujawnianie danych osobowych<\/h3>\n\n\n\n<p>Dane osobowe nie s\u0105 sprzedawane ani wynajmowane.<\/p>\n\n\n\n<p>Dane osobowe mog\u0105 by\u0107 ujawniane osobom trzecim wy\u0142\u0105cznie w razie konieczno\u015bci, w tym:<\/p>\n\n\n\n<ul class=\"wp-block-list\">\n<li>Hosting, zarz\u0105dzanie tre\u015bci\u0105, analityka i dostawcy us\u0142ug IT<\/li>\n\n\n\n<li>Dostawcy biuletyn\u00f3w, us\u0142ug dostarczania wiadomo\u015bci e-mail lub analiz odbiorc\u00f3w (w stosownych przypadkach)<\/li>\n\n\n\n<li>Profesjonalni doradcy, organy regulacyjne lub w\u0142adze, je\u015bli jest to wymagane przez prawo<\/li>\n<\/ul>\n\n\n\n<p>Wszystkie strony trzecie s\u0105 zobowi\u0105zane do przetwarzania danych osobowych zgodnie z obowi\u0105zuj\u0105cymi przepisami o ochronie danych i odpowiednimi zabezpieczeniami.<br><\/p>\n\n\n\n<h3 class=\"wp-block-heading has-medium-font-size\">7. Mi\u0119dzynarodowe transfery danych<\/h3>\n\n\n\n<p>Dane osobowe mog\u0105 by\u0107 przekazywane do kraj\u00f3w spoza Unii Europejskiej, Wielkiej Brytanii lub Szwajcarii i tam przetwarzane. W przypadku takiego przekazywania danych firma Arxelo stosuje odpowiednie zabezpieczenia, w tym decyzje dotycz\u0105ce adekwatno\u015bci, standardowe klauzule umowne lub inne zgodne z prawem mechanizmy przekazywania danych.<br><\/p>\n\n\n\n<h3 class=\"wp-block-heading has-medium-font-size\">8. Przechowywanie danych<\/h3>\n\n\n\n<p>Dane osobowe s\u0105 przechowywane tylko tak d\u0142ugo, jak jest to konieczne do realizacji cel\u00f3w, dla kt\u00f3rych zosta\u0142y zebrane, chyba \u017ce d\u0142u\u017cszy okres przechowywania jest wymagany lub dozwolony przez prawo.<br><\/p>\n\n\n\n<h3 class=\"wp-block-heading has-medium-font-size\">9. Pliki cookie i podobne technologie<\/h3>\n\n\n\n<p>Witryna internetowa mo\u017ce wykorzystywa\u0107 pliki cookie i podobne technologie w celu:<\/p>\n\n\n\n<ul class=\"wp-block-list\">\n<li>Zapewnij podstawow\u0105 funkcjonalno\u015b\u0107<\/li>\n\n\n\n<li>Analizuj trendy dotycz\u0105ce ruchu i czytelnictwa<\/li>\n\n\n\n<li>Popraw trafno\u015b\u0107 tre\u015bci i komfort u\u017cytkowania<\/li>\n<\/ul>\n\n\n\n<p>U\u017cytkownicy mog\u0105 zarz\u0105dza\u0107 plikami cookie lub je wy\u0142\u0105czy\u0107 w ustawieniach przegl\u0105darki.<br>Dodatkowe informacje mog\u0105 by\u0107 zawarte w oddzielnej Polityce plik\u00f3w cookie, je\u015bli ma to zastosowanie.<br><\/p>\n\n\n\n<h3 class=\"wp-block-heading has-medium-font-size\">10. Bezpiecze\u0144stwo danych<\/h3>\n\n\n\n<p>Arxelo wdra\u017ca odpowiednie \u015brodki techniczne i organizacyjne w celu ochrony danych osobowych przed nieuprawnionym dost\u0119pem, utrat\u0105, zmian\u0105 lub ujawnieniem. Pomimo stosowania rozs\u0105dnych zabezpiecze\u0144 nie mo\u017cna zagwarantowa\u0107 ca\u0142kowitego bezpiecze\u0144stwa \u017cadnej metody transmisji lub przechowywania danych.<br><\/p>\n\n\n\n<h3 class=\"wp-block-heading has-medium-font-size\">11. Prawa os\u00f3b, kt\u00f3rych dane dotycz\u0105<\/h3>\n\n\n\n<p>Zgodnie z obowi\u0105zuj\u0105cymi przepisami dotycz\u0105cymi ochrony danych u\u017cytkownicy maj\u0105 prawo do:<\/p>\n\n\n\n<ul class=\"wp-block-list\">\n<li>Dost\u0119p do swoich danych osobowych<\/li>\n\n\n\n<li>Wniosek o sprostowanie nieprawid\u0142owych lub niekompletnych danych<\/li>\n\n\n\n<li>Wniosek o usuni\u0119cie danych osobowych<\/li>\n\n\n\n<li>Wniosek o ograniczenie przetwarzania danych<\/li>\n\n\n\n<li>Sprzeciw wobec przetwarzania danych<\/li>\n\n\n\n<li>Wniosek o przeniesienie danych<\/li>\n\n\n\n<li>W ka\u017cdej chwili mo\u017cesz wycofa\u0107 zgod\u0119, je\u015bli przetwarzanie danych opiera si\u0119 na zgodzie.<\/li>\n<\/ul>\n\n\n\n<p>Wnioski mo\u017cna sk\u0142ada\u0107 pod adresem: <strong>[<a>info@arxelo.com<\/a>]<\/strong><br><\/p>\n\n\n\n<h3 class=\"wp-block-heading has-medium-font-size\">12. Prawo do z\u0142o\u017cenia skargi<\/h3>\n\n\n\n<p>U\u017cytkownicy maj\u0105 prawo z\u0142o\u017cy\u0107 skarg\u0119 do w\u0142a\u015bciwego organu ochrony danych, w tym organu w UE, brytyjskiego urz\u0119du ds. ochrony danych (ICO) lub szwajcarskiego federalnego komisarza ds. ochrony danych i informacji (FDPIC).<br><\/p>\n\n\n\n<h3 class=\"wp-block-heading has-medium-font-size\">13. Strony internetowe os\u00f3b trzecich<\/h3>\n\n\n\n<p>Witryna internetowa mo\u017ce zawiera\u0107 linki do stron internetowych os\u00f3b trzecich, w tym platform, protoko\u0142\u00f3w lub us\u0142ug zwi\u0105zanych z technologi\u0105 blockchain i aktywami cyfrowymi. Arxelo nie ponosi odpowiedzialno\u015bci za praktyki dotycz\u0105ce prywatno\u015bci ani tre\u015bci takich stron internetowych os\u00f3b trzecich. Zach\u0119camy u\u017cytkownik\u00f3w do zapoznania si\u0119 z polityk\u0105 prywatno\u015bci tych os\u00f3b trzecich.<br><\/p>\n\n\n\n<h3 class=\"wp-block-heading has-medium-font-size\">14. Zmiany<\/h3>\n\n\n\n<p>Arxelo zastrzega sobie prawo do zmiany niniejszej Polityki prywatno\u015bci w dowolnym momencie. Wszelkie zmiany zostan\u0105 opublikowane na stronie internetowej i zaczn\u0105 obowi\u0105zywa\u0107 z chwil\u0105 publikacji.<br><\/p>\n\n\n\n<h3 class=\"wp-block-heading has-medium-font-size\">15. Kontakt<\/h3>\n\n\n\n<p>W przypadku pyta\u0144 lub wniosk\u00f3w dotycz\u0105cych niniejszej Polityki prywatno\u015bci lub przetwarzania danych osobowych prosimy o kontakt:<\/p>\n\n\n\n<p><strong>E-mail:<\/strong> [<a>info@arxelo.com<\/a>]<\/p>","protected":false},"excerpt":{"rendered":"<p>Data wej\u015bcia w \u017cycie: 05.01.2026 Niniejsza Polityka prywatno\u015bci opisuje, w jaki spos\u00f3b firma Arxelo (\u201cArxelo\u201d, \u201cmy\u201d, \u201cnas\u201d lub \u201cnasz\u201d) gromadzi, wykorzystuje i chroni dane osobowe.<\/p>","protected":false},"author":1,"featured_media":0,"parent":0,"menu_order":0,"comment_status":"closed","ping_status":"open","template":"","meta":{"colormag_page_container_layout":"default_layout","colormag_page_sidebar_layout":"default_layout","footnotes":""},"class_list":["post-3","page","type-page","status-publish","hentry"],"yoast_head":"<!-- This site is optimized with the Yoast SEO plugin v26.6 - https:\/\/yoast.com\/wordpress\/plugins\/seo\/ -->\n<title>Privacy Policy - Arxelo | Blockchain, Crypto &amp; Digital Asset Infrastructure<\/title>\n<meta name=\"robots\" content=\"index, follow, max-snippet:-1, max-image-preview:large, max-video-preview:-1\" \/>\n<link rel=\"canonical\" href=\"https:\/\/www.arxelo.com\/pl\/polityka-prywatnosci\/\" \/>\n<meta property=\"og:locale\" content=\"pl_PL\" \/>\n<meta property=\"og:type\" content=\"article\" \/>\n<meta property=\"og:title\" content=\"Privacy Policy - Arxelo | Blockchain, Crypto &amp; Digital Asset Infrastructure\" \/>\n<meta property=\"og:description\" content=\"Effective Date: 05\/01\/2026 This Privacy Policy describes how Arxelo (\u201cArxelo,\u201d \u201cwe,\u201d \u201cus,\u201d or \u201cour\u201d) collects, uses, and protects personal data\" \/>\n<meta property=\"og:url\" content=\"https:\/\/www.arxelo.com\/pl\/polityka-prywatnosci\/\" \/>\n<meta property=\"og:site_name\" content=\"Arxelo | Blockchain, Crypto &amp; Digital Asset Infrastructure\" \/>\n<meta property=\"article:modified_time\" content=\"2026-01-04T08:52:11+00:00\" \/>\n<meta name=\"twitter:card\" content=\"summary_large_image\" \/>\n<meta name=\"twitter:label1\" content=\"Szacowany czas czytania\" \/>\n\t<meta name=\"twitter:data1\" content=\"4 minuty\" \/>\n<script type=\"application\/ld+json\" class=\"yoast-schema-graph\">{\"@context\":\"https:\/\/schema.org\",\"@graph\":[{\"@type\":\"WebPage\",\"@id\":\"https:\/\/www.arxelo.com\/pt\/politica-de-privacidade\/\",\"url\":\"https:\/\/www.arxelo.com\/pt\/politica-de-privacidade\/\",\"name\":\"Privacy Policy - Arxelo | Blockchain, Crypto &amp; Digital Asset Infrastructure\",\"isPartOf\":{\"@id\":\"https:\/\/www.arxelo.com\/#website\"},\"datePublished\":\"2025-12-17T13:55:41+00:00\",\"dateModified\":\"2026-01-04T08:52:11+00:00\",\"breadcrumb\":{\"@id\":\"https:\/\/www.arxelo.com\/pt\/politica-de-privacidade\/#breadcrumb\"},\"inLanguage\":\"pl-PL\",\"potentialAction\":[{\"@type\":\"ReadAction\",\"target\":[\"https:\/\/www.arxelo.com\/pt\/politica-de-privacidade\/\"]}]},{\"@type\":\"BreadcrumbList\",\"@id\":\"https:\/\/www.arxelo.com\/pt\/politica-de-privacidade\/#breadcrumb\",\"itemListElement\":[{\"@type\":\"ListItem\",\"position\":1,\"name\":\"Home\",\"item\":\"https:\/\/www.arxelo.com\/\"},{\"@type\":\"ListItem\",\"position\":2,\"name\":\"Privacy Policy\"}]},{\"@type\":\"WebSite\",\"@id\":\"https:\/\/www.arxelo.com\/#website\",\"url\":\"https:\/\/www.arxelo.com\/\",\"name\":\"Arxelo | Blockchain, Crypto & Digital Asset Infrastructure\",\"description\":\"Arxelo delivers institutional-grade insight into blockchain infrastructure, crypto markets, Web3 platforms, and the future of digital assets and tokenized economies.\",\"publisher\":{\"@id\":\"https:\/\/www.arxelo.com\/#organization\"},\"potentialAction\":[{\"@type\":\"SearchAction\",\"target\":{\"@type\":\"EntryPoint\",\"urlTemplate\":\"https:\/\/www.arxelo.com\/?s={search_term_string}\"},\"query-input\":{\"@type\":\"PropertyValueSpecification\",\"valueRequired\":true,\"valueName\":\"search_term_string\"}}],\"inLanguage\":\"pl-PL\"},{\"@type\":\"Organization\",\"@id\":\"https:\/\/www.arxelo.com\/#organization\",\"name\":\"Arxelo | Blockchain, Crypto & Digital Asset Infrastructure\",\"url\":\"https:\/\/www.arxelo.com\/\",\"logo\":{\"@type\":\"ImageObject\",\"inLanguage\":\"pl-PL\",\"@id\":\"https:\/\/www.arxelo.com\/#\/schema\/logo\/image\/\",\"url\":\"https:\/\/www.arxelo.com\/wp-content\/uploads\/2025\/12\/arxelo.png\",\"contentUrl\":\"https:\/\/www.arxelo.com\/wp-content\/uploads\/2025\/12\/arxelo.png\",\"width\":244,\"height\":71,\"caption\":\"Arxelo | Blockchain, Crypto & Digital Asset Infrastructure\"},\"image\":{\"@id\":\"https:\/\/www.arxelo.com\/#\/schema\/logo\/image\/\"}}]}<\/script>\n<!-- \/ Yoast SEO plugin. -->","yoast_head_json":{"title":"Polityka prywatno\u015bci \u2013 Arxelo | Infrastruktura blockchain, kryptowalut i aktyw\u00f3w cyfrowych","robots":{"index":"index","follow":"follow","max-snippet":"max-snippet:-1","max-image-preview":"max-image-preview:large","max-video-preview":"max-video-preview:-1"},"canonical":"https:\/\/www.arxelo.com\/pl\/polityka-prywatnosci\/","og_locale":"pl_PL","og_type":"article","og_title":"Privacy Policy - Arxelo | Blockchain, Crypto &amp; Digital Asset Infrastructure","og_description":"Effective Date: 05\/01\/2026 This Privacy Policy describes how Arxelo (\u201cArxelo,\u201d \u201cwe,\u201d \u201cus,\u201d or \u201cour\u201d) collects, uses, and protects personal data","og_url":"https:\/\/www.arxelo.com\/pl\/polityka-prywatnosci\/","og_site_name":"Arxelo | Blockchain, Crypto &amp; Digital Asset Infrastructure","article_modified_time":"2026-01-04T08:52:11+00:00","twitter_card":"summary_large_image","twitter_misc":{"Szacowany czas czytania":"4 minuty"},"schema":{"@context":"https:\/\/schema.org","@graph":[{"@type":"WebPage","@id":"https:\/\/www.arxelo.com\/pt\/politica-de-privacidade\/","url":"https:\/\/www.arxelo.com\/pt\/politica-de-privacidade\/","name":"Polityka prywatno\u015bci \u2013 Arxelo | Infrastruktura blockchain, kryptowalut i aktyw\u00f3w cyfrowych","isPartOf":{"@id":"https:\/\/www.arxelo.com\/#website"},"datePublished":"2025-12-17T13:55:41+00:00","dateModified":"2026-01-04T08:52:11+00:00","breadcrumb":{"@id":"https:\/\/www.arxelo.com\/pt\/politica-de-privacidade\/#breadcrumb"},"inLanguage":"pl-PL","potentialAction":[{"@type":"ReadAction","target":["https:\/\/www.arxelo.com\/pt\/politica-de-privacidade\/"]}]},{"@type":"BreadcrumbList","@id":"https:\/\/www.arxelo.com\/pt\/politica-de-privacidade\/#breadcrumb","itemListElement":[{"@type":"ListItem","position":1,"name":"Home","item":"https:\/\/www.arxelo.com\/"},{"@type":"ListItem","position":2,"name":"Privacy Policy"}]},{"@type":"WebSite","@id":"https:\/\/www.arxelo.com\/#website","url":"https:\/\/www.arxelo.com\/","name":"Arxelo | Infrastruktura blockchain, kryptowalut i aktyw\u00f3w cyfrowych","description":"Arxelo dostarcza profesjonalne analizy dotycz\u0105ce infrastruktury blockchain, rynk\u00f3w kryptowalut, platform Web3 oraz przysz\u0142o\u015bci aktyw\u00f3w cyfrowych i gospodarek opartych na tokenach.","publisher":{"@id":"https:\/\/www.arxelo.com\/#organization"},"potentialAction":[{"@type":"SearchAction","target":{"@type":"EntryPoint","urlTemplate":"https:\/\/www.arxelo.com\/?s={search_term_string}"},"query-input":{"@type":"PropertyValueSpecification","valueRequired":true,"valueName":"search_term_string"}}],"inLanguage":"pl-PL"},{"@type":"Organization","@id":"https:\/\/www.arxelo.com\/#organization","name":"Arxelo | Infrastruktura blockchain, kryptowalut i aktyw\u00f3w cyfrowych","url":"https:\/\/www.arxelo.com\/","logo":{"@type":"ImageObject","inLanguage":"pl-PL","@id":"https:\/\/www.arxelo.com\/#\/schema\/logo\/image\/","url":"https:\/\/www.arxelo.com\/wp-content\/uploads\/2025\/12\/arxelo.png","contentUrl":"https:\/\/www.arxelo.com\/wp-content\/uploads\/2025\/12\/arxelo.png","width":244,"height":71,"caption":"Arxelo | Blockchain, Crypto & Digital Asset Infrastructure"},"image":{"@id":"https:\/\/www.arxelo.com\/#\/schema\/logo\/image\/"}}]}},"_links":{"self":[{"href":"https:\/\/www.arxelo.com\/pl\/wp-json\/wp\/v2\/pages\/3","targetHints":{"allow":["GET"]}}],"collection":[{"href":"https:\/\/www.arxelo.com\/pl\/wp-json\/wp\/v2\/pages"}],"about":[{"href":"https:\/\/www.arxelo.com\/pl\/wp-json\/wp\/v2\/types\/page"}],"author":[{"embeddable":true,"href":"https:\/\/www.arxelo.com\/pl\/wp-json\/wp\/v2\/users\/1"}],"replies":[{"embeddable":true,"href":"https:\/\/www.arxelo.com\/pl\/wp-json\/wp\/v2\/comments?post=3"}],"version-history":[{"count":1,"href":"https:\/\/www.arxelo.com\/pl\/wp-json\/wp\/v2\/pages\/3\/revisions"}],"predecessor-version":[{"id":661,"href":"https:\/\/www.arxelo.com\/pl\/wp-json\/wp\/v2\/pages\/3\/revisions\/661"}],"wp:attachment":[{"href":"https:\/\/www.arxelo.com\/pl\/wp-json\/wp\/v2\/media?parent=3"}],"curies":[{"name":"wp","href":"https:\/\/api.w.org\/{rel}","templated":true}]}}