{"id":562,"date":"2026-01-04T08:45:04","date_gmt":"2026-01-04T08:45:04","guid":{"rendered":"https:\/\/themegrilldemos.com\/colormag-pro-technology\/?page_id=562"},"modified":"2026-01-04T08:55:33","modified_gmt":"2026-01-04T08:55:33","slug":"conditions-generales","status":"publish","type":"page","link":"https:\/\/www.arxelo.com\/fr\/conditions-generales\/","title":{"rendered":"Conditions g\u00e9n\u00e9rales"},"content":{"rendered":"<p><strong>Date d'entr\u00e9e en vigueur : 01\/05\/2026<\/strong><\/p>\n\n\n\n<p>Les pr\u00e9sentes conditions g\u00e9n\u00e9rales (\u201c Conditions \u201d) r\u00e9gissent l'acc\u00e8s et l'utilisation du site web. <strong><a>www.arxelo.com<\/a><\/strong> (le \u201c site Web \u201d), exploit\u00e9 par <strong>Arxelo<\/strong> (\u201c Arxelo \u201d, \u201c nous \u201d, \u201c notre \u201d ou \u201c nos \u201d). En acc\u00e9dant au site Web ou en l'utilisant, vous reconnaissez avoir lu, compris et accept\u00e9 d'\u00eatre l\u00e9galement li\u00e9 par les pr\u00e9sentes Conditions. Si vous n'acceptez pas les pr\u00e9sentes Conditions, vous devez vous abstenir d'acc\u00e9der au site Web ou de l'utiliser.<br><\/p>\n\n\n\n<h3 class=\"wp-block-heading has-medium-font-size\">1. Nature du site web<\/h3>\n\n\n\n<p>Arxelo est un magazine en ligne international qui propose des contenus \u00e9ditoriaux, analytiques et informatifs li\u00e9s \u00e0 l'infrastructure blockchain, aux march\u00e9s cryptographiques, aux plateformes Web3, aux actifs num\u00e9riques, aux \u00e9conomies tokenis\u00e9es et aux technologies connexes.<\/p>\n\n\n\n<p>Le site web est mis gratuitement \u00e0 la disposition des utilisateurs.<br>Tout le contenu est fourni \u00e0 titre informatif et \u00e9ditorial uniquement.<br><\/p>\n\n\n\n<h3 class=\"wp-block-heading has-medium-font-size\">2. Admissibilit\u00e9 et capacit\u00e9 juridique<\/h3>\n\n\n\n<p>Vous d\u00e9clarez et garantissez que vous avez la capacit\u00e9 juridique de conclure des accords contraignants en vertu du droit applicable.<br>Si vous acc\u00e9dez au site Web ou l'utilisez au nom d'une personne morale, vous confirmez que vous \u00eates d\u00fbment autoris\u00e9 \u00e0 engager cette personne morale \u00e0 respecter les pr\u00e9sentes Conditions.<br><\/p>\n\n\n\n<h3 class=\"wp-block-heading has-medium-font-size\">3. Droits de propri\u00e9t\u00e9 intellectuelle<\/h3>\n\n\n\n<p>Tout le contenu publi\u00e9 ou mis \u00e0 disposition sur le site Web, y compris, mais sans s'y limiter, les articles, textes, recherches, analyses, graphiques, images, photographies, illustrations, logos, mises en page, \u00e9l\u00e9ments de conception, compilations de donn\u00e9es et mat\u00e9riel audiovisuel (collectivement, le \u201c contenu \u201d), est prot\u00e9g\u00e9 par les lois sur les droits d'auteur, les marques commerciales et autres lois sur la propri\u00e9t\u00e9 intellectuelle.<\/p>\n\n\n\n<p>Sauf indication contraire, le Contenu est la propri\u00e9t\u00e9 d'Arxelo ou fait l'objet d'une licence accord\u00e9e \u00e0 Arxelo.<br>Les utilisateurs se voient accorder une licence limit\u00e9e, non exclusive, non transf\u00e9rable et r\u00e9vocable leur permettant d'acc\u00e9der au Contenu et de le consulter uniquement \u00e0 des fins personnelles et non commerciales.<\/p>\n\n\n\n<p>Toute reproduction, distribution, modification, republication, affichage public, extraction ou exploitation commerciale du Contenu sans l'accord \u00e9crit pr\u00e9alable d'Arxelo est strictement interdite.<br><\/p>\n\n\n\n<h3 class=\"wp-block-heading has-medium-font-size\">4. Images et contenu visuel<\/h3>\n\n\n\n<p>Arxelo met tout en \u0153uvre pour s'assurer que toutes les images, graphiques, illustrations, diagrammes et autres supports visuels publi\u00e9s sur le site Web sont :<\/p>\n\n\n\n<ul class=\"wp-block-list\">\n<li>Libre de droits,<\/li>\n\n\n\n<li>D\u00fbment autoris\u00e9,<\/li>\n\n\n\n<li>Provenant de fournisseurs r\u00e9put\u00e9s, ou<\/li>\n\n\n\n<li>Utilis\u00e9 avec l'autorisation appropri\u00e9e.<\/li>\n<\/ul>\n\n\n\n<p>Si une personne estime qu'un \u00e9l\u00e9ment visuel publi\u00e9 sur le site Web n'est pas correctement licenci\u00e9 ou autoris\u00e9, elle est pri\u00e9e d'en informer Arxelo dans les plus brefs d\u00e9lais \u00e0 l'adresse suivante :<\/p>\n\n\n\n<p><strong>Courriel :<\/strong> <a>info@arxelo.com<\/a><\/p>\n\n\n\n<p>D\u00e8s r\u00e9ception d'une telle notification, Arxelo examinera la question de bonne foi et, le cas \u00e9ch\u00e9ant, prendra des mesures correctives, notamment le retrait, le remplacement ou la modification du contenu concern\u00e9.<br><\/p>\n\n\n\n<h3 class=\"wp-block-heading has-medium-font-size\">5. Comportement de l'utilisateur<\/h3>\n\n\n\n<p>Les utilisateurs s'engagent \u00e0 utiliser le site Web de mani\u00e8re l\u00e9gale et responsable et s'abstiennent de :<\/p>\n\n\n\n<ul class=\"wp-block-list\">\n<li>Enfreindre toute loi ou r\u00e9glementation applicable<\/li>\n\n\n\n<li>Enfreindre les droits de propri\u00e9t\u00e9 intellectuelle, de confidentialit\u00e9 ou autres droits d'Arxelo ou de tiers.<\/li>\n\n\n\n<li>Utilisation abusive de contenu \u00e0 des fins trompeuses, frauduleuses ou manipulatrices<\/li>\n\n\n\n<li>Introduire des virus, des logiciels malveillants ou tout autre code nuisible<\/li>\n\n\n\n<li>Tenter d'interf\u00e9rer avec ou de perturber le site Web, ses serveurs ou ses dispositifs de s\u00e9curit\u00e9.<\/li>\n<\/ul>\n\n\n\n<p>Arxelo se r\u00e9serve le droit de restreindre, suspendre ou r\u00e9silier l'acc\u00e8s au site Web \u00e0 sa seule discr\u00e9tion en cas d'utilisation abusive ou de violation des pr\u00e9sentes conditions.<br><\/p>\n\n\n\n<h3 class=\"wp-block-heading has-medium-font-size\">6. Liens et contenus tiers<\/h3>\n\n\n\n<p>Le site Web peut contenir des liens vers des sites Web, protocoles, plateformes ou services tiers, y compris ceux li\u00e9s \u00e0 la blockchain, aux crypto-actifs ou aux technologies Web3.<br>Ces liens sont fournis uniquement \u00e0 titre informatif.<\/p>\n\n\n\n<p>Arxelo ne contr\u00f4le pas, n'approuve pas et n'assume aucune responsabilit\u00e9 quant au contenu, \u00e0 l'exactitude, \u00e0 la disponibilit\u00e9, \u00e0 la l\u00e9galit\u00e9 ou aux pratiques des sites Web ou services tiers.<br>L'acc\u00e8s aux ressources tierces se fait aux risques et p\u00e9rils de l'utilisateur.<br><\/p>\n\n\n\n<h3 class=\"wp-block-heading has-medium-font-size\">7. Exclusion de garanties<\/h3>\n\n\n\n<p>Le site Web et tout son contenu sont fournis \u201c tels quels \u201d et \u201c tels que disponibles \u201d, sans garantie d'aucune sorte, expresse ou implicite.<\/p>\n\n\n\n<p>Arxelo ne fait aucune d\u00e9claration et n'offre aucune garantie concernant :<\/p>\n\n\n\n<ul class=\"wp-block-list\">\n<li>L'exactitude, l'exhaustivit\u00e9 ou l'actualit\u00e9 du Contenu<\/li>\n\n\n\n<li>L'ad\u00e9quation de tout contenu \u00e0 un usage particulier<\/li>\n\n\n\n<li>Le fonctionnement ininterrompu et sans erreur du site Web<\/li>\n\n\n\n<li>L'absence de d\u00e9fauts techniques ou de composants nocifs<\/li>\n<\/ul>\n\n\n\n<p>Contenu relatif \u00e0 la blockchain, aux crypto-actifs, \u00e0 la tokenisation, aux march\u00e9s ou aux technologies \u00e9mergentes <strong>pas<\/strong> constituent des conseils en mati\u00e8re d'investissement, des conseils financiers, des conseils juridiques, des conseils fiscaux ou des conseils professionnels de quelque nature que ce soit.<br><\/p>\n\n\n\n<h3 class=\"wp-block-heading has-medium-font-size\">8. Limitation de responsabilit\u00e9<\/h3>\n\n\n\n<p>Dans la mesure maximale permise par la loi applicable, Arxelo ne sera pas responsable des dommages directs, indirects, accessoires, cons\u00e9cutifs ou sp\u00e9ciaux d\u00e9coulant de ou li\u00e9s \u00e0 :<\/p>\n\n\n\n<ul class=\"wp-block-list\">\n<li>Acc\u00e8s au site Web ou utilisation de celui-ci<\/li>\n\n\n\n<li>Confiance dans tout contenu<\/li>\n\n\n\n<li>Erreurs, omissions ou inexactitudes dans le contenu<\/li>\n\n\n\n<li>Pannes techniques, interruptions ou perte de donn\u00e9es<\/li>\n<\/ul>\n\n\n\n<p>Aucune disposition des pr\u00e9sentes Conditions g\u00e9n\u00e9rales n'exclut ou ne limite la responsabilit\u00e9 lorsque cette exclusion ou limitation est interdite par la loi.<br><\/p>\n\n\n\n<h3 class=\"wp-block-heading has-medium-font-size\">9. Protection des donn\u00e9es et confidentialit\u00e9<\/h3>\n\n\n\n<p>Arxelo traite les donn\u00e9es personnelles conform\u00e9ment aux lois applicables en mati\u00e8re de protection des donn\u00e9es, notamment :<\/p>\n\n\n\n<ul class=\"wp-block-list\">\n<li>Le r\u00e8glement g\u00e9n\u00e9ral sur la protection des donn\u00e9es (RGPD) de l'UE<\/li>\n\n\n\n<li>Le RGPD britannique<\/li>\n\n\n\n<li>La loi f\u00e9d\u00e9rale suisse sur la protection des donn\u00e9es (LPD)<\/li>\n<\/ul>\n\n\n\n<p>Les donn\u00e9es \u00e0 caract\u00e8re personnel sont trait\u00e9es de mani\u00e8re licite, loyale et transparente, et uniquement \u00e0 des fins l\u00e9gitimes.<br>De plus amples informations sont fournies dans le <strong>Politique de confidentialit\u00e9<\/strong>, qui fait partie int\u00e9grante des pr\u00e9sentes Conditions.<br><\/p>\n\n\n\n<h3 class=\"wp-block-heading has-medium-font-size\">10. Modifications<\/h3>\n\n\n\n<p>Arxelo se r\u00e9serve le droit de modifier ou de mettre \u00e0 jour les pr\u00e9sentes Conditions \u00e0 tout moment.<br>Toute modification entrera en vigueur d\u00e8s sa publication sur le site Web. La poursuite de l'utilisation du site Web apr\u00e8s ces modifications vaut acceptation des conditions r\u00e9vis\u00e9es.<br><\/p>\n\n\n\n<h3 class=\"wp-block-heading has-medium-font-size\">11. Divisibilit\u00e9<\/h3>\n\n\n\n<p>Si une disposition des pr\u00e9sentes Conditions est jug\u00e9e invalide, ill\u00e9gale ou inapplicable, cette disposition sera supprim\u00e9e et les autres dispositions resteront pleinement en vigueur.<br><\/p>\n\n\n\n<h3 class=\"wp-block-heading has-medium-font-size\">12. Loi applicable et juridiction comp\u00e9tente<\/h3>\n\n\n\n<p>Les pr\u00e9sentes conditions sont r\u00e9gies et interpr\u00e9t\u00e9es conform\u00e9ment \u00e0 <strong>droit suisse<\/strong>, sans tenir compte des principes de conflit de lois.<\/p>\n\n\n\n<p>Les tribunaux comp\u00e9tents de Suisse ont comp\u00e9tence exclusive pour tout litige d\u00e9coulant des pr\u00e9sentes Conditions ou de l'utilisation du Site web ou s'y rapportant, sous r\u00e9serve des lois imp\u00e9ratives en mati\u00e8re de protection des consommateurs, le cas \u00e9ch\u00e9ant.<br><\/p>\n\n\n\n<h3 class=\"wp-block-heading has-medium-font-size\">13. Coordonn\u00e9es<\/h3>\n\n\n\n<p>Pour toute question ou remarque concernant les pr\u00e9sentes conditions g\u00e9n\u00e9rales, veuillez contacter :<\/p>\n\n\n\n<p><strong>Courriel :<\/strong> <a>info@arxelo.com<\/a><\/p>","protected":false},"excerpt":{"rendered":"<p>Date d'entr\u00e9e en vigueur : 05\/01\/2026 Les pr\u00e9sentes conditions g\u00e9n\u00e9rales (\u201c Conditions \u201d) r\u00e9gissent l'acc\u00e8s et l'utilisation du site web www.arxelo.com (le \u201c Site web \u201d), exploit\u00e9 par<\/p>","protected":false},"author":1,"featured_media":0,"parent":0,"menu_order":0,"comment_status":"closed","ping_status":"closed","template":"","meta":{"colormag_page_container_layout":"default_layout","colormag_page_sidebar_layout":"default_layout","footnotes":""},"class_list":["post-562","page","type-page","status-publish","hentry"],"yoast_head":"<!-- This site is optimized with the Yoast SEO plugin v26.6 - https:\/\/yoast.com\/wordpress\/plugins\/seo\/ -->\n<title>Terms and Conditions - Arxelo | Blockchain, Crypto &amp; Digital Asset Infrastructure<\/title>\n<meta name=\"robots\" content=\"index, follow, max-snippet:-1, max-image-preview:large, max-video-preview:-1\" \/>\n<link rel=\"canonical\" href=\"http:\/\/www.arxelo.com\/fr\/conditions-generales\/\" \/>\n<meta property=\"og:locale\" content=\"fr_FR\" \/>\n<meta property=\"og:type\" content=\"article\" \/>\n<meta property=\"og:title\" content=\"Terms and Conditions - Arxelo | Blockchain, Crypto &amp; Digital Asset Infrastructure\" \/>\n<meta property=\"og:description\" content=\"Effective Date: 05\/01\/2026 These Terms and Conditions (\u201cTerms\u201d) govern access to and use of the website www.arxelo.com (the \u201cWebsite\u201d), operated\" \/>\n<meta property=\"og:url\" content=\"http:\/\/www.arxelo.com\/fr\/conditions-generales\/\" \/>\n<meta property=\"og:site_name\" content=\"Arxelo | Blockchain, Crypto &amp; Digital Asset Infrastructure\" \/>\n<meta property=\"article:modified_time\" content=\"2026-01-04T08:55:33+00:00\" \/>\n<meta name=\"twitter:card\" content=\"summary_large_image\" \/>\n<meta name=\"twitter:label1\" content=\"Dur\u00e9e de lecture estim\u00e9e\" \/>\n\t<meta name=\"twitter:data1\" content=\"5 minutes\" \/>\n<script type=\"application\/ld+json\" class=\"yoast-schema-graph\">{\"@context\":\"https:\/\/schema.org\",\"@graph\":[{\"@type\":\"WebPage\",\"@id\":\"http:\/\/www.arxelo.com\/terms-and-conditions\/\",\"url\":\"http:\/\/www.arxelo.com\/terms-and-conditions\/\",\"name\":\"Terms and Conditions - Arxelo | Blockchain, Crypto &amp; Digital Asset Infrastructure\",\"isPartOf\":{\"@id\":\"https:\/\/www.arxelo.com\/#website\"},\"datePublished\":\"2026-01-04T08:45:04+00:00\",\"dateModified\":\"2026-01-04T08:55:33+00:00\",\"breadcrumb\":{\"@id\":\"http:\/\/www.arxelo.com\/terms-and-conditions\/#breadcrumb\"},\"inLanguage\":\"fr-FR\",\"potentialAction\":[{\"@type\":\"ReadAction\",\"target\":[\"http:\/\/www.arxelo.com\/terms-and-conditions\/\"]}]},{\"@type\":\"BreadcrumbList\",\"@id\":\"http:\/\/www.arxelo.com\/terms-and-conditions\/#breadcrumb\",\"itemListElement\":[{\"@type\":\"ListItem\",\"position\":1,\"name\":\"Home\",\"item\":\"https:\/\/www.arxelo.com\/\"},{\"@type\":\"ListItem\",\"position\":2,\"name\":\"Terms and Conditions\"}]},{\"@type\":\"WebSite\",\"@id\":\"https:\/\/www.arxelo.com\/#website\",\"url\":\"https:\/\/www.arxelo.com\/\",\"name\":\"Arxelo | Blockchain, Crypto & Digital Asset Infrastructure\",\"description\":\"Arxelo delivers institutional-grade insight into blockchain infrastructure, crypto markets, Web3 platforms, and the future of digital assets and tokenized economies.\",\"publisher\":{\"@id\":\"https:\/\/www.arxelo.com\/#organization\"},\"potentialAction\":[{\"@type\":\"SearchAction\",\"target\":{\"@type\":\"EntryPoint\",\"urlTemplate\":\"https:\/\/www.arxelo.com\/?s={search_term_string}\"},\"query-input\":{\"@type\":\"PropertyValueSpecification\",\"valueRequired\":true,\"valueName\":\"search_term_string\"}}],\"inLanguage\":\"fr-FR\"},{\"@type\":\"Organization\",\"@id\":\"https:\/\/www.arxelo.com\/#organization\",\"name\":\"Arxelo | Blockchain, Crypto & Digital Asset Infrastructure\",\"url\":\"https:\/\/www.arxelo.com\/\",\"logo\":{\"@type\":\"ImageObject\",\"inLanguage\":\"fr-FR\",\"@id\":\"https:\/\/www.arxelo.com\/#\/schema\/logo\/image\/\",\"url\":\"https:\/\/www.arxelo.com\/wp-content\/uploads\/2025\/12\/arxelo.png\",\"contentUrl\":\"https:\/\/www.arxelo.com\/wp-content\/uploads\/2025\/12\/arxelo.png\",\"width\":244,\"height\":71,\"caption\":\"Arxelo | Blockchain, Crypto & Digital Asset Infrastructure\"},\"image\":{\"@id\":\"https:\/\/www.arxelo.com\/#\/schema\/logo\/image\/\"}}]}<\/script>\n<!-- \/ Yoast SEO plugin. -->","yoast_head_json":{"title":"Conditions g\u00e9n\u00e9rales - Arxelo | Blockchain, crypto et infrastructure d'actifs num\u00e9riques","robots":{"index":"index","follow":"follow","max-snippet":"max-snippet:-1","max-image-preview":"max-image-preview:large","max-video-preview":"max-video-preview:-1"},"canonical":"http:\/\/www.arxelo.com\/fr\/conditions-generales\/","og_locale":"fr_FR","og_type":"article","og_title":"Terms and Conditions - Arxelo | Blockchain, Crypto &amp; Digital Asset Infrastructure","og_description":"Effective Date: 05\/01\/2026 These Terms and Conditions (\u201cTerms\u201d) govern access to and use of the website www.arxelo.com (the \u201cWebsite\u201d), operated","og_url":"http:\/\/www.arxelo.com\/fr\/conditions-generales\/","og_site_name":"Arxelo | Blockchain, Crypto &amp; Digital Asset Infrastructure","article_modified_time":"2026-01-04T08:55:33+00:00","twitter_card":"summary_large_image","twitter_misc":{"Dur\u00e9e de lecture estim\u00e9e":"5 minutes"},"schema":{"@context":"https:\/\/schema.org","@graph":[{"@type":"WebPage","@id":"http:\/\/www.arxelo.com\/terms-and-conditions\/","url":"http:\/\/www.arxelo.com\/terms-and-conditions\/","name":"Conditions g\u00e9n\u00e9rales - Arxelo | Blockchain, crypto et infrastructure d'actifs num\u00e9riques","isPartOf":{"@id":"https:\/\/www.arxelo.com\/#website"},"datePublished":"2026-01-04T08:45:04+00:00","dateModified":"2026-01-04T08:55:33+00:00","breadcrumb":{"@id":"http:\/\/www.arxelo.com\/terms-and-conditions\/#breadcrumb"},"inLanguage":"fr-FR","potentialAction":[{"@type":"ReadAction","target":["http:\/\/www.arxelo.com\/terms-and-conditions\/"]}]},{"@type":"BreadcrumbList","@id":"http:\/\/www.arxelo.com\/terms-and-conditions\/#breadcrumb","itemListElement":[{"@type":"ListItem","position":1,"name":"Home","item":"https:\/\/www.arxelo.com\/"},{"@type":"ListItem","position":2,"name":"Terms and Conditions"}]},{"@type":"WebSite","@id":"https:\/\/www.arxelo.com\/#website","url":"https:\/\/www.arxelo.com\/","name":"Arxelo | Blockchain, crypto et infrastructure d'actifs num\u00e9riques","description":"Arxelo fournit des informations de niveau institutionnel sur l'infrastructure blockchain, les march\u00e9s cryptographiques, les plateformes Web3 et l'avenir des actifs num\u00e9riques et des \u00e9conomies tokenis\u00e9es.","publisher":{"@id":"https:\/\/www.arxelo.com\/#organization"},"potentialAction":[{"@type":"SearchAction","target":{"@type":"EntryPoint","urlTemplate":"https:\/\/www.arxelo.com\/?s={search_term_string}"},"query-input":{"@type":"PropertyValueSpecification","valueRequired":true,"valueName":"search_term_string"}}],"inLanguage":"fr-FR"},{"@type":"Organization","@id":"https:\/\/www.arxelo.com\/#organization","name":"Arxelo | Blockchain, crypto et infrastructure d'actifs num\u00e9riques","url":"https:\/\/www.arxelo.com\/","logo":{"@type":"ImageObject","inLanguage":"fr-FR","@id":"https:\/\/www.arxelo.com\/#\/schema\/logo\/image\/","url":"https:\/\/www.arxelo.com\/wp-content\/uploads\/2025\/12\/arxelo.png","contentUrl":"https:\/\/www.arxelo.com\/wp-content\/uploads\/2025\/12\/arxelo.png","width":244,"height":71,"caption":"Arxelo | Blockchain, Crypto & Digital Asset Infrastructure"},"image":{"@id":"https:\/\/www.arxelo.com\/#\/schema\/logo\/image\/"}}]}},"_links":{"self":[{"href":"https:\/\/www.arxelo.com\/fr\/wp-json\/wp\/v2\/pages\/562","targetHints":{"allow":["GET"]}}],"collection":[{"href":"https:\/\/www.arxelo.com\/fr\/wp-json\/wp\/v2\/pages"}],"about":[{"href":"https:\/\/www.arxelo.com\/fr\/wp-json\/wp\/v2\/types\/page"}],"author":[{"embeddable":true,"href":"https:\/\/www.arxelo.com\/fr\/wp-json\/wp\/v2\/users\/1"}],"replies":[{"embeddable":true,"href":"https:\/\/www.arxelo.com\/fr\/wp-json\/wp\/v2\/comments?post=562"}],"version-history":[{"count":2,"href":"https:\/\/www.arxelo.com\/fr\/wp-json\/wp\/v2\/pages\/562\/revisions"}],"predecessor-version":[{"id":663,"href":"https:\/\/www.arxelo.com\/fr\/wp-json\/wp\/v2\/pages\/562\/revisions\/663"}],"wp:attachment":[{"href":"https:\/\/www.arxelo.com\/fr\/wp-json\/wp\/v2\/media?parent=562"}],"curies":[{"name":"wp","href":"https:\/\/api.w.org\/{rel}","templated":true}]}}