{"id":3,"date":"2025-12-17T13:55:41","date_gmt":"2025-12-17T13:55:41","guid":{"rendered":"http:\/\/www.arxelo.com\/?page_id=3"},"modified":"2026-01-04T08:52:11","modified_gmt":"2026-01-04T08:52:11","slug":"politica-de-privacidad","status":"publish","type":"page","link":"https:\/\/www.arxelo.com\/es\/politica-de-privacidad\/","title":{"rendered":"Pol\u00edtica de privacidad"},"content":{"rendered":"<p><strong>Fecha de entrada en vigor: 01\/05\/2026<\/strong><\/p>\n\n\n\n<p>Esta Pol\u00edtica de Privacidad describe c\u00f3mo <strong>Arxelo<\/strong> (\u201cArxelo\u201d, \u201cnosotros\u201d, \u201cnos\u201d o \u201cnuestro\u201d) recopila, utiliza y protege los datos personales relacionados con el uso del sitio web. <strong><a>www.arxelo.com<\/a><\/strong> (el \u201cSitio web\u201d). Arxelo es una revista en l\u00ednea global que ofrece informaci\u00f3n de nivel institucional sobre la infraestructura de blockchain, los mercados de criptomonedas, las plataformas Web3 y el panorama en constante evoluci\u00f3n de los activos digitales y las econom\u00edas tokenizadas. Arxelo se compromete a proteger los datos personales de conformidad con las leyes de protecci\u00f3n de datos aplicables, incluido el Reglamento General de Protecci\u00f3n de Datos (RGPD) de la UE, el RGPD del Reino Unido y la Ley Federal Suiza de Protecci\u00f3n de Datos (FADP).<\/p>\n\n\n\n<p><\/p>\n\n\n\n<h3 class=\"wp-block-heading has-medium-font-size\">1. Responsable del tratamiento de datos<\/h3>\n\n\n\n<p>El responsable del tratamiento de los datos personales en virtud de la presente Pol\u00edtica de Privacidad es:<\/p>\n\n\n\n<p><strong>Arxelo<\/strong> : correo electr\u00f3nico: <strong>[<a>info@arxelo.com<\/a>]<\/strong><\/p>\n\n\n\n<p><\/p>\n\n\n\n<h3 class=\"wp-block-heading has-medium-font-size\">2. \u00c1mbito de aplicaci\u00f3n<\/h3>\n\n\n\n<p>Esta Pol\u00edtica de Privacidad se aplica a todos los visitantes y usuarios del Sitio Web. Regula el tratamiento de los datos personales recopilados a trav\u00e9s del Sitio Web, incluyendo cuando los usuarios acceden al contenido, se suscriben a las actualizaciones o se ponen en contacto con Arxelo.<\/p>\n\n\n\n<p><\/p>\n\n\n\n<h3 class=\"wp-block-heading has-medium-font-size\">3. Categor\u00edas de datos personales<\/h3>\n\n\n\n<p>Arxelo puede procesar las siguientes categor\u00edas de datos personales:<\/p>\n\n\n\n<p><\/p>\n\n\n\n<h4 class=\"wp-block-heading has-medium-font-size\">3.1 Datos proporcionados por los usuarios<\/h4>\n\n\n\n<ul class=\"wp-block-list\">\n<li>Nombre (si se proporciona)<\/li>\n\n\n\n<li>Direcci\u00f3n de correo electr\u00f3nico<\/li>\n\n\n\n<li>Cualquier informaci\u00f3n incluida voluntariamente en mensajes, formularios de suscripci\u00f3n u otras comunicaciones enviadas a Arxelo.<br><\/li>\n<\/ul>\n\n\n\n<h4 class=\"wp-block-heading has-medium-font-size\">3.2 Datos recopilados autom\u00e1ticamente<\/h4>\n\n\n\n<p>Cuando los usuarios acceden al sitio web, es posible que se recopilen autom\u00e1ticamente ciertos datos t\u00e9cnicos, entre los que se incluyen:<\/p>\n\n\n\n<ul class=\"wp-block-list\">\n<li>Direcci\u00f3n IP<\/li>\n\n\n\n<li>Tipo y versi\u00f3n del navegador<\/li>\n\n\n\n<li>Configuraci\u00f3n del dispositivo, del sistema operativo y del idioma<\/li>\n\n\n\n<li>Fecha y hora de acceso<\/li>\n\n\n\n<li>P\u00e1ginas visitadas y URL de referencia<br><\/li>\n<\/ul>\n\n\n\n<h3 class=\"wp-block-heading has-medium-font-size\">4. Finalidades del tratamiento<\/h3>\n\n\n\n<p>Los datos personales se tratan con las siguientes finalidades:<\/p>\n\n\n\n<ul class=\"wp-block-list\">\n<li>Operaci\u00f3n, administraci\u00f3n y mantenimiento del sitio web.<\/li>\n\n\n\n<li>Publicaci\u00f3n y distribuci\u00f3n de contenido editorial y opiniones.<\/li>\n\n\n\n<li>Comunicaci\u00f3n con los usuarios y respuesta a consultas<\/li>\n\n\n\n<li>Gesti\u00f3n de suscripciones, boletines informativos o actualizaciones (cuando corresponda)<\/li>\n\n\n\n<li>Garantizar la seguridad, la estabilidad y el correcto funcionamiento del sitio web.<\/li>\n\n\n\n<li>Analizar el tr\u00e1fico y mejorar la calidad del contenido y la experiencia del usuario.<\/li>\n\n\n\n<li>Cumplimiento de las obligaciones legales y reglamentarias<br><\/li>\n<\/ul>\n\n\n\n<h3 class=\"wp-block-heading has-medium-font-size\">5. Fundamentos jur\u00eddicos para el tratamiento<\/h3>\n\n\n\n<p>Los datos personales se tratan de conformidad con la legislaci\u00f3n aplicable sobre la base de:<\/p>\n\n\n\n<ul class=\"wp-block-list\">\n<li>Consentimiento del usuario, cuando sea necesario<\/li>\n\n\n\n<li>Intereses leg\u00edtimos perseguidos por Arxelo, incluyendo el funcionamiento, la seguridad y la mejora del sitio web y su contenido.<\/li>\n\n\n\n<li>Cumplimiento de las obligaciones legales<\/li>\n\n\n\n<li>Cumplimiento de medidas contractuales o precontractuales, cuando corresponda.<br><\/li>\n<\/ul>\n\n\n\n<h3 class=\"wp-block-heading has-medium-font-size\">6. Divulgaci\u00f3n de datos personales<\/h3>\n\n\n\n<p>Los datos personales no se venden ni se alquilan.<\/p>\n\n\n\n<p>Los datos personales solo podr\u00e1n ser revelados a terceros cuando sea necesario, incluyendo:<\/p>\n\n\n\n<ul class=\"wp-block-list\">\n<li>Proveedores de servicios de alojamiento, gesti\u00f3n de contenidos, an\u00e1lisis y TI.<\/li>\n\n\n\n<li>Proveedores de boletines informativos, env\u00edo de correos electr\u00f3nicos o an\u00e1lisis de audiencia (cuando corresponda).<\/li>\n\n\n\n<li>Asesores profesionales, reguladores o autoridades cuando as\u00ed lo exija la ley.<\/li>\n<\/ul>\n\n\n\n<p>Todos los terceros est\u00e1n obligados a tratar los datos personales de conformidad con las leyes de protecci\u00f3n de datos aplicables y las garant\u00edas adecuadas.<br><\/p>\n\n\n\n<h3 class=\"wp-block-heading has-medium-font-size\">7. Transferencias internacionales de datos<\/h3>\n\n\n\n<p>Los datos personales pueden transferirse y tratarse en pa\u00edses fuera de la Uni\u00f3n Europea, el Reino Unido o Suiza. Cuando se producen dichas transferencias, Arxelo implementa las garant\u00edas adecuadas, incluidas decisiones de adecuaci\u00f3n, cl\u00e1usulas contractuales tipo u otros mecanismos de transferencia legales.<br><\/p>\n\n\n\n<h3 class=\"wp-block-heading has-medium-font-size\">8. Retenci\u00f3n de datos<\/h3>\n\n\n\n<p>Los datos personales solo se conservan durante el tiempo necesario para cumplir con los fines para los que fueron recopilados, a menos que la ley exija o permita un periodo de conservaci\u00f3n m\u00e1s largo.<br><\/p>\n\n\n\n<h3 class=\"wp-block-heading has-medium-font-size\">9. Cookies y tecnolog\u00edas similares<\/h3>\n\n\n\n<p>El sitio web puede utilizar cookies y tecnolog\u00edas similares para:<\/p>\n\n\n\n<ul class=\"wp-block-list\">\n<li>Garantizar la funcionalidad b\u00e1sica<\/li>\n\n\n\n<li>Analizar las tendencias de tr\u00e1fico y lectores.<\/li>\n\n\n\n<li>Mejorar la relevancia del contenido y la experiencia del usuario.<\/li>\n<\/ul>\n\n\n\n<p>Los usuarios pueden administrar o desactivar las cookies a trav\u00e9s de la configuraci\u00f3n de su navegador.<br>Se puede proporcionar informaci\u00f3n adicional en una Pol\u00edtica de cookies independiente, cuando corresponda.<br><\/p>\n\n\n\n<h3 class=\"wp-block-heading has-medium-font-size\">10. Seguridad de los datos<\/h3>\n\n\n\n<p>Arxelo implementa las medidas t\u00e9cnicas y organizativas adecuadas para proteger los datos personales contra el acceso no autorizado, la p\u00e9rdida, la alteraci\u00f3n o la divulgaci\u00f3n. Aunque se aplican medidas de seguridad razonables, ning\u00fan m\u00e9todo de transmisi\u00f3n o almacenamiento puede garantizarse como completamente seguro.<br><\/p>\n\n\n\n<h3 class=\"wp-block-heading has-medium-font-size\">11. Derechos del interesado<\/h3>\n\n\n\n<p>De conformidad con las leyes de protecci\u00f3n de datos aplicables, los usuarios tienen derecho a:<\/p>\n\n\n\n<ul class=\"wp-block-list\">\n<li>Acceder a sus datos personales<\/li>\n\n\n\n<li>Solicitar la rectificaci\u00f3n de datos inexactos o incompletos.<\/li>\n\n\n\n<li>Solicitar la eliminaci\u00f3n de datos personales<\/li>\n\n\n\n<li>Solicitar restricci\u00f3n del tratamiento<\/li>\n\n\n\n<li>Oponerse al tratamiento<\/li>\n\n\n\n<li>Solicitar la portabilidad de datos<\/li>\n\n\n\n<li>Retirar el consentimiento en cualquier momento, cuando el tratamiento se base en el consentimiento.<\/li>\n<\/ul>\n\n\n\n<p>Las solicitudes pueden enviarse a: <strong>[<a>info@arxelo.com<\/a>]<\/strong><br><\/p>\n\n\n\n<h3 class=\"wp-block-heading has-medium-font-size\">12. Derecho a presentar una queja<\/h3>\n\n\n\n<p>Los usuarios tienen derecho a presentar una queja ante una autoridad competente en materia de protecci\u00f3n de datos, incluida una autoridad de la UE, la Oficina del Comisionado de Informaci\u00f3n del Reino Unido (ICO) o el Comisionado Federal Suizo de Protecci\u00f3n de Datos e Informaci\u00f3n (FDPIC).<br><\/p>\n\n\n\n<h3 class=\"wp-block-heading has-medium-font-size\">13. Sitios web de terceros<\/h3>\n\n\n\n<p>El sitio web puede contener enlaces a sitios web de terceros, incluyendo plataformas, protocolos o servicios relacionados con blockchain y activos digitales. Arxelo no se hace responsable de las pr\u00e1cticas de privacidad ni del contenido de dichos sitios web de terceros. Se recomienda a los usuarios que revisen las pol\u00edticas de privacidad de dichos terceros.<br><\/p>\n\n\n\n<h3 class=\"wp-block-heading has-medium-font-size\">14. Modificaciones<\/h3>\n\n\n\n<p>Arxelo se reserva el derecho de modificar esta Pol\u00edtica de Privacidad en cualquier momento. Cualquier cambio se publicar\u00e1 en el Sitio Web y entrar\u00e1 en vigor en el momento de su publicaci\u00f3n.<br><\/p>\n\n\n\n<h3 class=\"wp-block-heading has-medium-font-size\">15. Contacto<\/h3>\n\n\n\n<p>Si tiene alguna pregunta o solicitud relacionada con esta Pol\u00edtica de privacidad o con el tratamiento de datos personales, p\u00f3ngase en contacto con:<\/p>\n\n\n\n<p><strong>Correo electr\u00f3nico:<\/strong> [<a>info@arxelo.com<\/a>]<\/p>","protected":false},"excerpt":{"rendered":"<p>Fecha de entrada en vigor: 01\/05\/2026 La presente Pol\u00edtica de privacidad describe c\u00f3mo Arxelo (\u201cArxelo\u201d, \u201cnosotros\u201d, \u201cnos\u201d o \u201cnuestro\u201d) recopila, utiliza y protege los datos personales.<\/p>","protected":false},"author":1,"featured_media":0,"parent":0,"menu_order":0,"comment_status":"closed","ping_status":"open","template":"","meta":{"colormag_page_container_layout":"default_layout","colormag_page_sidebar_layout":"default_layout","footnotes":""},"class_list":["post-3","page","type-page","status-publish","hentry"],"yoast_head":"<!-- This site is optimized with the Yoast SEO plugin v26.6 - https:\/\/yoast.com\/wordpress\/plugins\/seo\/ -->\n<title>Privacy Policy - Arxelo | Blockchain, Crypto &amp; Digital Asset Infrastructure<\/title>\n<meta name=\"robots\" content=\"index, follow, max-snippet:-1, max-image-preview:large, max-video-preview:-1\" \/>\n<link rel=\"canonical\" href=\"https:\/\/www.arxelo.com\/es\/politica-de-privacidad\/\" \/>\n<meta property=\"og:locale\" content=\"es_ES\" \/>\n<meta property=\"og:type\" content=\"article\" \/>\n<meta property=\"og:title\" content=\"Privacy Policy - Arxelo | Blockchain, Crypto &amp; Digital Asset Infrastructure\" \/>\n<meta property=\"og:description\" content=\"Effective Date: 05\/01\/2026 This Privacy Policy describes how Arxelo (\u201cArxelo,\u201d \u201cwe,\u201d \u201cus,\u201d or \u201cour\u201d) collects, uses, and protects personal data\" \/>\n<meta property=\"og:url\" content=\"https:\/\/www.arxelo.com\/es\/politica-de-privacidad\/\" \/>\n<meta property=\"og:site_name\" content=\"Arxelo | Blockchain, Crypto &amp; Digital Asset Infrastructure\" \/>\n<meta property=\"article:modified_time\" content=\"2026-01-04T08:52:11+00:00\" \/>\n<meta name=\"twitter:card\" content=\"summary_large_image\" \/>\n<meta name=\"twitter:label1\" content=\"Tiempo de lectura\" \/>\n\t<meta name=\"twitter:data1\" content=\"4 minutos\" \/>\n<script type=\"application\/ld+json\" class=\"yoast-schema-graph\">{\"@context\":\"https:\/\/schema.org\",\"@graph\":[{\"@type\":\"WebPage\",\"@id\":\"https:\/\/www.arxelo.com\/pt\/politica-de-privacidade\/\",\"url\":\"https:\/\/www.arxelo.com\/pt\/politica-de-privacidade\/\",\"name\":\"Privacy Policy - Arxelo | Blockchain, Crypto &amp; Digital Asset Infrastructure\",\"isPartOf\":{\"@id\":\"https:\/\/www.arxelo.com\/#website\"},\"datePublished\":\"2025-12-17T13:55:41+00:00\",\"dateModified\":\"2026-01-04T08:52:11+00:00\",\"breadcrumb\":{\"@id\":\"https:\/\/www.arxelo.com\/pt\/politica-de-privacidade\/#breadcrumb\"},\"inLanguage\":\"es-AR\",\"potentialAction\":[{\"@type\":\"ReadAction\",\"target\":[\"https:\/\/www.arxelo.com\/pt\/politica-de-privacidade\/\"]}]},{\"@type\":\"BreadcrumbList\",\"@id\":\"https:\/\/www.arxelo.com\/pt\/politica-de-privacidade\/#breadcrumb\",\"itemListElement\":[{\"@type\":\"ListItem\",\"position\":1,\"name\":\"Home\",\"item\":\"https:\/\/www.arxelo.com\/\"},{\"@type\":\"ListItem\",\"position\":2,\"name\":\"Privacy Policy\"}]},{\"@type\":\"WebSite\",\"@id\":\"https:\/\/www.arxelo.com\/#website\",\"url\":\"https:\/\/www.arxelo.com\/\",\"name\":\"Arxelo | Blockchain, Crypto & Digital Asset Infrastructure\",\"description\":\"Arxelo delivers institutional-grade insight into blockchain infrastructure, crypto markets, Web3 platforms, and the future of digital assets and tokenized economies.\",\"publisher\":{\"@id\":\"https:\/\/www.arxelo.com\/#organization\"},\"potentialAction\":[{\"@type\":\"SearchAction\",\"target\":{\"@type\":\"EntryPoint\",\"urlTemplate\":\"https:\/\/www.arxelo.com\/?s={search_term_string}\"},\"query-input\":{\"@type\":\"PropertyValueSpecification\",\"valueRequired\":true,\"valueName\":\"search_term_string\"}}],\"inLanguage\":\"es-AR\"},{\"@type\":\"Organization\",\"@id\":\"https:\/\/www.arxelo.com\/#organization\",\"name\":\"Arxelo | Blockchain, Crypto & Digital Asset Infrastructure\",\"url\":\"https:\/\/www.arxelo.com\/\",\"logo\":{\"@type\":\"ImageObject\",\"inLanguage\":\"es-AR\",\"@id\":\"https:\/\/www.arxelo.com\/#\/schema\/logo\/image\/\",\"url\":\"https:\/\/www.arxelo.com\/wp-content\/uploads\/2025\/12\/arxelo.png\",\"contentUrl\":\"https:\/\/www.arxelo.com\/wp-content\/uploads\/2025\/12\/arxelo.png\",\"width\":244,\"height\":71,\"caption\":\"Arxelo | Blockchain, Crypto & Digital Asset Infrastructure\"},\"image\":{\"@id\":\"https:\/\/www.arxelo.com\/#\/schema\/logo\/image\/\"}}]}<\/script>\n<!-- \/ Yoast SEO plugin. -->","yoast_head_json":{"title":"Pol\u00edtica de privacidad - Arxelo | Infraestructura de blockchain, cripto y activos digitales","robots":{"index":"index","follow":"follow","max-snippet":"max-snippet:-1","max-image-preview":"max-image-preview:large","max-video-preview":"max-video-preview:-1"},"canonical":"https:\/\/www.arxelo.com\/es\/politica-de-privacidad\/","og_locale":"es_ES","og_type":"article","og_title":"Privacy Policy - Arxelo | Blockchain, Crypto &amp; Digital Asset Infrastructure","og_description":"Effective Date: 05\/01\/2026 This Privacy Policy describes how Arxelo (\u201cArxelo,\u201d \u201cwe,\u201d \u201cus,\u201d or \u201cour\u201d) collects, uses, and protects personal data","og_url":"https:\/\/www.arxelo.com\/es\/politica-de-privacidad\/","og_site_name":"Arxelo | Blockchain, Crypto &amp; Digital Asset Infrastructure","article_modified_time":"2026-01-04T08:52:11+00:00","twitter_card":"summary_large_image","twitter_misc":{"Tiempo de lectura":"4 minutos"},"schema":{"@context":"https:\/\/schema.org","@graph":[{"@type":"WebPage","@id":"https:\/\/www.arxelo.com\/pt\/politica-de-privacidade\/","url":"https:\/\/www.arxelo.com\/pt\/politica-de-privacidade\/","name":"Pol\u00edtica de privacidad - Arxelo | Infraestructura de blockchain, cripto y activos digitales","isPartOf":{"@id":"https:\/\/www.arxelo.com\/#website"},"datePublished":"2025-12-17T13:55:41+00:00","dateModified":"2026-01-04T08:52:11+00:00","breadcrumb":{"@id":"https:\/\/www.arxelo.com\/pt\/politica-de-privacidade\/#breadcrumb"},"inLanguage":"es-AR","potentialAction":[{"@type":"ReadAction","target":["https:\/\/www.arxelo.com\/pt\/politica-de-privacidade\/"]}]},{"@type":"BreadcrumbList","@id":"https:\/\/www.arxelo.com\/pt\/politica-de-privacidade\/#breadcrumb","itemListElement":[{"@type":"ListItem","position":1,"name":"Home","item":"https:\/\/www.arxelo.com\/"},{"@type":"ListItem","position":2,"name":"Privacy Policy"}]},{"@type":"WebSite","@id":"https:\/\/www.arxelo.com\/#website","url":"https:\/\/www.arxelo.com\/","name":"Arxelo | Infraestructura de blockchain, criptomonedas y activos digitales","description":"Arxelo ofrece informaci\u00f3n de nivel institucional sobre la infraestructura blockchain, los mercados de criptomonedas, las plataformas Web3 y el futuro de los activos digitales y las econom\u00edas tokenizadas.","publisher":{"@id":"https:\/\/www.arxelo.com\/#organization"},"potentialAction":[{"@type":"SearchAction","target":{"@type":"EntryPoint","urlTemplate":"https:\/\/www.arxelo.com\/?s={search_term_string}"},"query-input":{"@type":"PropertyValueSpecification","valueRequired":true,"valueName":"search_term_string"}}],"inLanguage":"es-AR"},{"@type":"Organization","@id":"https:\/\/www.arxelo.com\/#organization","name":"Arxelo | Infraestructura de blockchain, criptomonedas y activos digitales","url":"https:\/\/www.arxelo.com\/","logo":{"@type":"ImageObject","inLanguage":"es-AR","@id":"https:\/\/www.arxelo.com\/#\/schema\/logo\/image\/","url":"https:\/\/www.arxelo.com\/wp-content\/uploads\/2025\/12\/arxelo.png","contentUrl":"https:\/\/www.arxelo.com\/wp-content\/uploads\/2025\/12\/arxelo.png","width":244,"height":71,"caption":"Arxelo | Blockchain, Crypto & Digital Asset Infrastructure"},"image":{"@id":"https:\/\/www.arxelo.com\/#\/schema\/logo\/image\/"}}]}},"_links":{"self":[{"href":"https:\/\/www.arxelo.com\/es\/wp-json\/wp\/v2\/pages\/3","targetHints":{"allow":["GET"]}}],"collection":[{"href":"https:\/\/www.arxelo.com\/es\/wp-json\/wp\/v2\/pages"}],"about":[{"href":"https:\/\/www.arxelo.com\/es\/wp-json\/wp\/v2\/types\/page"}],"author":[{"embeddable":true,"href":"https:\/\/www.arxelo.com\/es\/wp-json\/wp\/v2\/users\/1"}],"replies":[{"embeddable":true,"href":"https:\/\/www.arxelo.com\/es\/wp-json\/wp\/v2\/comments?post=3"}],"version-history":[{"count":1,"href":"https:\/\/www.arxelo.com\/es\/wp-json\/wp\/v2\/pages\/3\/revisions"}],"predecessor-version":[{"id":661,"href":"https:\/\/www.arxelo.com\/es\/wp-json\/wp\/v2\/pages\/3\/revisions\/661"}],"wp:attachment":[{"href":"https:\/\/www.arxelo.com\/es\/wp-json\/wp\/v2\/media?parent=3"}],"curies":[{"name":"wp","href":"https:\/\/api.w.org\/{rel}","templated":true}]}}